{"id":74179,"date":"2026-05-01T15:35:36","date_gmt":"2026-05-01T15:35:36","guid":{"rendered":"https:\/\/pipsc.ca\/?page_id=74179"},"modified":"2026-05-01T15:54:24","modified_gmt":"2026-05-01T15:54:24","slug":"memoire-au-groupe-de-travail-du-gouvernement-federal-sur-la-strategie-en-matiere-dintelligence-artificielle-octobre-2025","status":"publish","type":"page","link":"https:\/\/pipsc.ca\/fr\/for-members\/defense-des-interets\/top-issues-campaigns\/intelligence-artificielle\/memoire-au-groupe-de-travail-du-gouvernement-federal-sur-la-strategie-en-matiere-dintelligence-artificielle-octobre-2025\/","title":{"rendered":"M\u00e9moire au groupe de travail du gouvernement f\u00e9d\u00e9ral sur la Strat\u00e9gie en mati\u00e8re d\u2019intelligence artificielle \u2013 octobre\u00a02025"},"content":{"rendered":"<div class=\"hero-small-container  sidebar-content-wrapper light-hero-section\">\n      <div class=\"container\">\n      <nav class=\"breadcrumb\">\n        <nav aria-label=\"breadcrumbs\" class=\"rank-math-breadcrumb\"><p><span class=\"last\">Accueil<\/span><\/p><\/nav>\n      <\/nav>\n    <\/div>\n  \n      <div class=\"container\">\n                    <h1 class=\"text-3xl\">\n          M\u00e9moire au groupe de travail du gouvernement f\u00e9d\u00e9ral sur la Strat\u00e9gie en mati\u00e8re d\u2019intelligence artificielle \u2013 octobre 2025\n        <\/h1>\n            <div class=\"hero-small-wrap\">\n                  <div class=\"short-desc-left text-lg\">\n            <p><strong>L\u2019Institut professionnel de la fonction publique du Canada (IPFPC)<\/strong><\/p>\n<p>L\u2019IPFPC est un syndicat qui repr\u00e9sente quelque 80\u00a0000\u00a0employ\u00e9\u00b7es travaillant principalement pour le gouvernement f\u00e9d\u00e9ral et ses organismes, dont 25\u00a0000\u00a0travailleurs et travailleuses des TI, qui sont nombreux \u00e0 travailler sur l\u2019intelligence artificielle et \u00e0 la d\u00e9velopper.<\/p>\n\n          <\/div>\n        \n                  <div class=\"short-desc-right text-lg sidebar-content\">\n                        <p>Pour de plus amples renseignements, veuillez contacter John Anderson \u00e0 l\u2019adresse Janderson@pipsc.ca.<\/p>\n          <\/div>\n        \n              <\/div>\n    <\/div>\n  <\/div>\n\n\n<div class=\"faq-block\" id=\"faq-69f8bf427bc7d\">\n  <div class=\"container\">\n    \n\n    <div class=\"faq-content-wrapper\">\n      \n      <div class=\"faq-sections full-width\">\n                              <div class=\"faq-section\" id=\"orientation-generale\" data-section=\"orientation-generale\">\n                              <h3 class=\"section-title\">Orientation g\u00e9n\u00e9rale<\/h3>\n              \n                              <div class=\"faq-items\">\n                                      <div class=\"faq-item\">\n                      <div class=\"faq-question\" \n                           role=\"button\" \n                           tabindex=\"0\"\n                           aria-expanded=\"false\"\n                           aria-controls=\"faq-69f8bf427bc7d-answer-0-0\"\n                           data-toggle=\"collapse\"\n                           onKeyDown=\"if(event.key === 'Enter' || event.key === ' ') { event.preventDefault(); this.click(); }\">\n                        \n                        <h4 class=\"question-text\">Leadership f\u00e9d\u00e9ral<\/h4>\n                        \n                        <div class=\"faq-toggle\">\n                          <span class=\"toggle-icon collapsed\">\n                            <span class=\"icon-add\"><\/span>\n                          <\/span>\n                          <span class=\"expanded\">\n                           <span class=\"icon-remove\"><\/span>\n                          <\/span>\n                        <\/div>\n                      <\/div>\n\n                      <div class=\"faq-answer\" \n                           id=\"faq-69f8bf427bc7d-answer-0-0\"\n                           aria-hidden=\"true\">\n                        <div class=\"answer-content\">\n                          <p>Notre premi\u00e8re recommandation au groupe de travail sur la Strat\u00e9gie consiste \u00e0 clarifier le r\u00f4le de leadership politique du gouvernement f\u00e9d\u00e9ral en mati\u00e8re d\u2019IA. \u00c0 l\u2019heure actuelle, le gouvernement f\u00e9d\u00e9ral compte au moins quatre ministres qui se penchent sur les questions d\u2019IA\u00a0: Evan Solomon, ministre de l\u2019Intelligence artificielle, Shafqat Ali, pr\u00e9sident du Conseil du Tr\u00e9sor, Joel Lightbound, ministre de la Transformation du gouvernement, et enfin Patty Hajdu, ministre du Travail. Mais le r\u00f4le de chacun d\u2019entre eux en mati\u00e8re d\u2019IA n\u2019est pas clair. Nous pensons que les responsabilit\u00e9s respectives de chacun vis-\u00e0-vis de l\u2019IA devraient \u00eatre clarifi\u00e9es.<\/p>\n\n                        <\/div>\n                      <\/div>\n                    <\/div>\n                                          <div class=\"faq-separator\"><\/div>\n                                                          <div class=\"faq-item\">\n                      <div class=\"faq-question\" \n                           role=\"button\" \n                           tabindex=\"0\"\n                           aria-expanded=\"false\"\n                           aria-controls=\"faq-69f8bf427bc7d-answer-0-1\"\n                           data-toggle=\"collapse\"\n                           onKeyDown=\"if(event.key === 'Enter' || event.key === ' ') { event.preventDefault(); this.click(); }\">\n                        \n                        <h4 class=\"question-text\">Transparence et registre public avec le suivi par StatCan de toutes les pertes et de tous les gains li\u00e9s \u00e0 l\u2019IA<\/h4>\n                        \n                        <div class=\"faq-toggle\">\n                          <span class=\"toggle-icon collapsed\">\n                            <span class=\"icon-add\"><\/span>\n                          <\/span>\n                          <span class=\"expanded\">\n                           <span class=\"icon-remove\"><\/span>\n                          <\/span>\n                        <\/div>\n                      <\/div>\n\n                      <div class=\"faq-answer\" \n                           id=\"faq-69f8bf427bc7d-answer-0-1\"\n                           aria-hidden=\"true\">\n                        <div class=\"answer-content\">\n                          <p>Notre deuxi\u00e8me demande, qui a \u00e9t\u00e9 discut\u00e9e mais qui n\u2019a pas encore \u00e9t\u00e9 mise en \u0153uvre, concerne la cr\u00e9ation d\u2019un registre public permettant l\u2019enregistrement imm\u00e9diat des projets d\u2019IA nouveaux et pr\u00e9vus. Ce registre devrait \u00eatre public et accessible en ligne, et contenir les effets li\u00e9s aux changements, aux pertes et aux gains d\u2019emploi r\u00e9sultant de l\u2019utilisation de l\u2019IA. Nous souhaiterions \u00e9galement que Statistique Canada effectue r\u00e9guli\u00e8rement des enqu\u00eates sur ces changements et en rende les r\u00e9sultats publics.<\/p>\n\n                        <\/div>\n                      <\/div>\n                    <\/div>\n                                          <div class=\"faq-separator\"><\/div>\n                                                          <div class=\"faq-item\">\n                      <div class=\"faq-question\" \n                           role=\"button\" \n                           tabindex=\"0\"\n                           aria-expanded=\"false\"\n                           aria-controls=\"faq-69f8bf427bc7d-answer-0-2\"\n                           data-toggle=\"collapse\"\n                           onKeyDown=\"if(event.key === 'Enter' || event.key === ' ') { event.preventDefault(); this.click(); }\">\n                        \n                        <h4 class=\"question-text\">Pr\u00e9sence syndicale et communautaire dans les comit\u00e9s consultatifs et strat\u00e9giques<\/h4>\n                        \n                        <div class=\"faq-toggle\">\n                          <span class=\"toggle-icon collapsed\">\n                            <span class=\"icon-add\"><\/span>\n                          <\/span>\n                          <span class=\"expanded\">\n                           <span class=\"icon-remove\"><\/span>\n                          <\/span>\n                        <\/div>\n                      <\/div>\n\n                      <div class=\"faq-answer\" \n                           id=\"faq-69f8bf427bc7d-answer-0-2\"\n                           aria-hidden=\"true\">\n                        <div class=\"answer-content\">\n                          <p>La pr\u00e9sence de syndicats et d\u2019organismes communautaires devrait \u00eatre obligatoire au sein de tous les organismes gouvernementaux charg\u00e9s de l\u2019IA. Par exemple, le Comit\u00e9 consultatif sur l\u2019IA n\u2019a jamais eu de repr\u00e9sentation syndicale ni communautaire et s\u2019est limit\u00e9 presque exclusivement \u00e0 la repr\u00e9sentation des scientifiques (universitaires) et des entreprises. Cependant, l\u2019IA a de profondes r\u00e9percussions sur le travail (les Canadien\u00b7nes qui travaillent) et la communaut\u00e9 de multiples fa\u00e7ons, et il est important que le gouvernement \u00e9coute et prenne en consid\u00e9ration les points de vue des personnes qui travaillent et des organismes communautaires sur la mani\u00e8re dont l\u2019IA affecte leur vie.<\/p>\n\n                        <\/div>\n                      <\/div>\n                    <\/div>\n                                                      <\/div>\n                          <\/div>\n                      <div class=\"faq-section\" id=\"reglementation\" data-section=\"reglementation\">\n                              <h3 class=\"section-title\">R\u00e9glementation<\/h3>\n              \n                              <div class=\"faq-items\">\n                                      <div class=\"faq-item\">\n                      <div class=\"faq-question\" \n                           role=\"button\" \n                           tabindex=\"0\"\n                           aria-expanded=\"false\"\n                           aria-controls=\"faq-69f8bf427bc7d-answer-1-0\"\n                           data-toggle=\"collapse\"\n                           onKeyDown=\"if(event.key === 'Enter' || event.key === ' ') { event.preventDefault(); this.click(); }\">\n                        \n                        <h4 class=\"question-text\">Nouveau projet de loi sur l\u2019IA<\/h4>\n                        \n                        <div class=\"faq-toggle\">\n                          <span class=\"toggle-icon collapsed\">\n                            <span class=\"icon-add\"><\/span>\n                          <\/span>\n                          <span class=\"expanded\">\n                           <span class=\"icon-remove\"><\/span>\n                          <\/span>\n                        <\/div>\n                      <\/div>\n\n                      <div class=\"faq-answer\" \n                           id=\"faq-69f8bf427bc7d-answer-1-0\"\n                           aria-hidden=\"true\">\n                        <div class=\"answer-content\">\n                          <p>Le gouvernement a promis un nouveau projet de loi sur l\u2019IA pour remplacer le C-27. Le projet de loi\u00a0C-27 pr\u00e9sentait de nombreuses lacunes qui doivent \u00eatre corrig\u00e9es dans un nouveau projet de loi. Nous sommes favorables \u00e0 un nouveau projet de loi, mais\u00a0:<\/p>\n<ol>\n<li>Ce projet de loi doit faire l\u2019objet d\u2019une <strong>longue p\u00e9riode de consultation publique<\/strong> devant une Commission de la Chambre des communes, ce qui permettra \u00e0 tous les organismes et \u00e0 tous les secteurs qui le souhaitent de contribuer \u00e0 son \u00e9laboration. La derni\u00e8re fois, aucune consultation importante n\u2019a \u00e9t\u00e9 organis\u00e9e et de nombreux secteurs et organismes n\u2019ont pas pu pr\u00e9senter leurs points de vue.<\/li>\n<li>Le nouveau projet de loi doit \u00e9galement comprendre <strong>un R\u00e8glement sur l\u2019IA pour le gouvernement f\u00e9d\u00e9ral et les soci\u00e9t\u00e9s d\u2019\u00c9tat f\u00e9d\u00e9rales<\/strong>, qui \u00e9taient exclus du projet de loi\u00a0C-27. Le gouvernement ne peut limiter la r\u00e9glementation au seul secteur priv\u00e9 sous r\u00e9glementation f\u00e9d\u00e9rale; il doit inclure l\u2019ensemble des secteurs priv\u00e9 et public.<\/li>\n<li>Le nouveau projet de loi doit \u00e9galement pr\u00e9voir <strong>une nouvelle autorit\u00e9 ind\u00e9pendante de r\u00e9glementation de l\u2019IA<\/strong> pour tous les enjeux auxquelles les citoyen\u00b7nes, les gouvernements, les organismes non gouvernementaux et les entreprises sont confront\u00e9s, en mati\u00e8re d\u2019IA. Dans les domaines de la radio, de la t\u00e9l\u00e9vision, du t\u00e9l\u00e9phone et de l\u2019internet, le Canada dispose d\u2019une autorit\u00e9 de r\u00e9glementation ind\u00e9pendante, le CRTC. Nous avons besoin d\u2019un organe \u00e9quivalent pour l\u2019IA.<\/li>\n<\/ol>\n\n                        <\/div>\n                      <\/div>\n                    <\/div>\n                                          <div class=\"faq-separator\"><\/div>\n                                                          <div class=\"faq-item\">\n                      <div class=\"faq-question\" \n                           role=\"button\" \n                           tabindex=\"0\"\n                           aria-expanded=\"false\"\n                           aria-controls=\"faq-69f8bf427bc7d-answer-1-1\"\n                           data-toggle=\"collapse\"\n                           onKeyDown=\"if(event.key === 'Enter' || event.key === ' ') { event.preventDefault(); this.click(); }\">\n                        \n                        <h4 class=\"question-text\">Protection des citoyen\u00b7nes contre l\u2019utilisation de l\u2019IA dans le domaine de la vie priv\u00e9e et contre son utilisation pour la surveillance des citoyen\u00b7nes et des employ\u00e9\u00b7es<\/h4>\n                        \n                        <div class=\"faq-toggle\">\n                          <span class=\"toggle-icon collapsed\">\n                            <span class=\"icon-add\"><\/span>\n                          <\/span>\n                          <span class=\"expanded\">\n                           <span class=\"icon-remove\"><\/span>\n                          <\/span>\n                        <\/div>\n                      <\/div>\n\n                      <div class=\"faq-answer\" \n                           id=\"faq-69f8bf427bc7d-answer-1-1\"\n                           aria-hidden=\"true\">\n                        <div class=\"answer-content\">\n                          <p>Bien que nous ayons un commissaire \u00e0 la protection de la vie priv\u00e9e, nous avons besoin d\u2019une protection particuli\u00e8re contre l\u2019utilisation de l\u2019IA pour surveiller les citoyen\u00b7nes et les travailleur\u00b7ses et pour contr\u00f4ler les donn\u00e9es g\u00e9n\u00e9r\u00e9es par l\u2019IA. Les employ\u00e9\u00b7es et les citoyen\u00b7nes doivent donner un <strong>consentement \u00e9clair\u00e9<\/strong> \u00e0 l\u2019utilisation de l\u2019IA, \u00eatre inform\u00e9s de toute utilisation de l\u2019IA par les gouvernements ou les employeurs et avoir le droit de refuser l\u2019utilisation de m\u00e9canismes de surveillance bas\u00e9s sur l\u2019IA. De plus, les citoyen\u00b7nes et les employ\u00e9\u00b7es doivent avoir le droit d\u2019informer l\u2019autorit\u00e9 de r\u00e9glementation de l\u2019IA, et ce, sans subir de cons\u00e9quences professionnelles ou autres, des activit\u00e9s li\u00e9es \u00e0 l\u2019IA qui leur portent pr\u00e9judice.<\/p>\n<p><strong>La protection de l\u2019emploi dans le domaine de l\u2019IA doit \u00eatre ench\u00e2ss\u00e9e dans un nouveau projet de loi<\/strong><\/p>\n<p>Les employ\u00e9\u00b7es touch\u00e9s par l\u2019IA doivent\u00a0:<\/p>\n<p>1) \u00eatre avertis ad\u00e9quatement du moment de la mise en \u0153uvre de l\u2019IA dans leur lieu de travail (pr\u00e9avis d\u2019au moins 180\u00a0jours) ainsi que des r\u00e9sultats de l\u2019\u00e9valuation des cons\u00e9quences de cette mise en \u0153uvre;<\/p>\n<p>2) \u00eatre avertis si une \u00e9valuation algorithmique est utilis\u00e9e pour g\u00e9rer leurs emplois et, le cas \u00e9ch\u00e9ant, \u00eatre inform\u00e9s de la fa\u00e7on dont elle l\u2019est;<\/p>\n<p>3) avoir acc\u00e8s \u00e0 des formations professionnelles et b\u00e9n\u00e9ficier d\u2019un financement pour celles-ci, afin de pouvoir s\u2019adapter \u00e0 l\u2019utilisation de l\u2019IA dans leurs emplois actuels;<\/p>\n<p>4) b\u00e9n\u00e9ficier d\u2019une protection garantie contre les licenciements potentiels li\u00e9s \u00e0 l\u2019IA, laquelle doit comprendre ce qui suit\u00a0:<\/p>\n<p>&#8211; le droit \u00e0 des formations pour acc\u00e9der \u00e0 de nouveaux d\u00e9bouch\u00e9s;<\/p>\n<p>&#8211; le financement d\u2019\u00e9ventuels d\u00e9m\u00e9nagements vers de nouveaux lieux de travail dans une autre partie du pays;<\/p>\n<p>&#8211; si aucune des solutions ci-dessus ne fonctionne, les travailleurs et travailleuses licenci\u00e9s doivent avoir acc\u00e8s \u00e0 de meilleurs programmes d\u2019assurance-emploi et de retraite, qui devront peut-\u00eatre \u00eatre acc\u00e9l\u00e9r\u00e9s pour les travailleurs et travailleuses proches de l\u2019\u00e2ge de la retraite.<\/p>\n<p><strong>Droits de n\u00e9gociation collective en mati\u00e8re d\u2019IA<\/strong><\/p>\n<p>Les travailleurs et travailleuses et leurs syndicats doivent avoir le droit de n\u00e9gocier les questions relatives \u00e0 l\u2019IA dans leurs conventions collectives. L\u2019utilisation de l\u2019IA ne peut \u00eatre consid\u00e9r\u00e9e comme un droit de gestion exclusif.<\/p>\n\n                        <\/div>\n                      <\/div>\n                    <\/div>\n                                          <div class=\"faq-separator\"><\/div>\n                                                          <div class=\"faq-item\">\n                      <div class=\"faq-question\" \n                           role=\"button\" \n                           tabindex=\"0\"\n                           aria-expanded=\"false\"\n                           aria-controls=\"faq-69f8bf427bc7d-answer-1-2\"\n                           data-toggle=\"collapse\"\n                           onKeyDown=\"if(event.key === 'Enter' || event.key === ' ') { event.preventDefault(); this.click(); }\">\n                        \n                        <h4 class=\"question-text\">L\u2019IA au SCT et dans les organismes gouvernementaux<\/h4>\n                        \n                        <div class=\"faq-toggle\">\n                          <span class=\"toggle-icon collapsed\">\n                            <span class=\"icon-add\"><\/span>\n                          <\/span>\n                          <span class=\"expanded\">\n                           <span class=\"icon-remove\"><\/span>\n                          <\/span>\n                        <\/div>\n                      <\/div>\n\n                      <div class=\"faq-answer\" \n                           id=\"faq-69f8bf427bc7d-answer-1-2\"\n                           aria-hidden=\"true\">\n                        <div class=\"answer-content\">\n                          <p>La plupart des membres de l\u2019Institut travaillent pour le gouvernement f\u00e9d\u00e9ral et ses organismes et nombre d\u2019entre eux et elles sont engag\u00e9s dans le d\u00e9veloppement ou l\u2019utilisation de l\u2019IA. En mars\u00a02025, le Conseil du Tr\u00e9sor a pr\u00e9sent\u00e9 une strat\u00e9gie en mati\u00e8re d\u2019IA.<\/p>\n<p>1) Au cours de cette pr\u00e9sentation, la direction du SCT a promis qu\u2019il y aurait une r\u00e9union du SCT avec les syndicats pour discuter de l\u2019IA. Cependant, celle-ci n\u2019a pas encore eu lieu. Nous pensons que la cr\u00e9ation d\u2019<strong>un comit\u00e9 permanent du gouvernement f\u00e9d\u00e9ral et des syndicats sur l\u2019IA<\/strong> serait une mesure essentielle pour que l\u2019IA soit d\u00e9velopp\u00e9e et utilis\u00e9e au sein du gouvernement f\u00e9d\u00e9ral de la meilleure mani\u00e8re possible.<\/p>\n<p>2) <strong>Toutes les d\u00e9cisions prises par l\u2019IA doivent \u00eatre examin\u00e9es par des \u00eatres humains<\/strong> (abroger certains articles de la Directive sur la prise de d\u00e9cisions automatis\u00e9e).<\/p>\n<p>Dans la Directive sur la prise de d\u00e9cisions automatis\u00e9e, les d\u00e9cisions au sein du gouvernement f\u00e9d\u00e9ral sont divis\u00e9es en quatre cat\u00e9gories, et deux des quatre types de d\u00e9cisions ne n\u00e9cessitent pas d\u2019examen par des \u00eatres humains. Nous estimons que cela n\u2019est pas acceptable et que toutes les d\u00e9cisions doivent \u00eatre examin\u00e9es par des \u00eatres humains.<\/p>\n<p>3) <strong>Le SCT et les organismes gouvernementaux doivent privil\u00e9gier le recours \u00e0 des fonctionnaires pour d\u00e9velopper l\u2019IA au sein du gouvernement<\/strong> et \u00e9viter, sauf dans des circonstances exceptionnelles, de faire appel \u00e0 des consultants externes.<\/p>\n\n                        <\/div>\n                      <\/div>\n                    <\/div>\n                                          <div class=\"faq-separator\"><\/div>\n                                                          <div class=\"faq-item\">\n                      <div class=\"faq-question\" \n                           role=\"button\" \n                           tabindex=\"0\"\n                           aria-expanded=\"false\"\n                           aria-controls=\"faq-69f8bf427bc7d-answer-1-3\"\n                           data-toggle=\"collapse\"\n                           onKeyDown=\"if(event.key === 'Enter' || event.key === ' ') { event.preventDefault(); this.click(); }\">\n                        \n                        <h4 class=\"question-text\">Propri\u00e9t\u00e9 canadienne de l\u2019IA et travail gouvernemental sur l\u2019IA au sein du gouvernement<\/h4>\n                        \n                        <div class=\"faq-toggle\">\n                          <span class=\"toggle-icon collapsed\">\n                            <span class=\"icon-add\"><\/span>\n                          <\/span>\n                          <span class=\"expanded\">\n                           <span class=\"icon-remove\"><\/span>\n                          <\/span>\n                        <\/div>\n                      <\/div>\n\n                      <div class=\"faq-answer\" \n                           id=\"faq-69f8bf427bc7d-answer-1-3\"\n                           aria-hidden=\"true\">\n                        <div class=\"answer-content\">\n                          <p>Le Canada doit d\u00e9velopper et utiliser en priorit\u00e9 ses propres ressources en mati\u00e8re d\u2019IA. Les robots conversationnels tels que Chat GPT d\u2019Open AI, Copilot de Microsoft et Google Gemini sont tous d\u00e9tenus par des int\u00e9r\u00eats am\u00e9ricains, tout comme les principaux centres de donn\u00e9es o\u00f9 sont stock\u00e9es une grande partie des donn\u00e9es du Canada. Il est n\u00e9cessaire de construire de nouveaux centres de donn\u00e9es et syst\u00e8mes d\u2019IA appartenant \u00e0 des entit\u00e9s canadiennes et de stocker nos donn\u00e9es \u00e0 100\u00a0% au Canada.<\/p>\n\n                        <\/div>\n                      <\/div>\n                    <\/div>\n                                                      <\/div>\n                          <\/div>\n                        <\/div>\n    <\/div>\n\n  <\/div>\n<\/div>\n\n<div class=\"pipsc-featured-callouts-container-style-3\">\n    <div class=\"container\">\n        <div class=\"content-left\">\n                            <div class=\"pipsc-featured-callouts-style3__card-image\">\n                  <img decoding=\"async\" src=\"https:\/\/aws-pipsc-prod-pipscmain-static.s3.ca-central-1.amazonaws.com\/app\/uploads\/bullhorn.png\" class=\"content-details-image\">\n                <\/div>\n                                          <h4 class=\"text-2xl\">Pour de plus amples renseignements sur l\u2019IPFPC et l\u2019intelligence artificielle<\/h4>\n                    \n        <\/div>\n        <div class=\"content-right\">\n                            <p class=\"text-md desc\">Pour de plus amples renseignements sur l\u2019IPFPC et l\u2019intelligence artificielle, ainsi que pour acc\u00e9der \u00e0 des liens vers d\u2019autres documents, veuillez consulter cette page :<\/p>\n                                                    <a href=\"https:\/\/pipsc.ca\/fr\/nouvelles-et-enjeux\/intelligence-artificielle\" class=\"btn btn-lg btn-secondary\">\n                    Afficher plus\n                <\/a>\n                    <\/div>\n    <\/div>\n<\/div>\n","protected":false},"excerpt":{"rendered":"","protected":false},"author":12,"featured_media":0,"parent":11405,"menu_order":0,"comment_status":"closed","ping_status":"closed","template":"","meta":{"_acf_changed":false,"footnotes":""},"class_list":["post-74179","page","type-page","status-publish","hentry"],"acf":[],"_links":{"self":[{"href":"https:\/\/pipsc.ca\/fr\/wp-json\/wp\/v2\/pages\/74179","targetHints":{"allow":["GET"]}}],"collection":[{"href":"https:\/\/pipsc.ca\/fr\/wp-json\/wp\/v2\/pages"}],"about":[{"href":"https:\/\/pipsc.ca\/fr\/wp-json\/wp\/v2\/types\/page"}],"author":[{"embeddable":true,"href":"https:\/\/pipsc.ca\/fr\/wp-json\/wp\/v2\/users\/12"}],"replies":[{"embeddable":true,"href":"https:\/\/pipsc.ca\/fr\/wp-json\/wp\/v2\/comments?post=74179"}],"version-history":[{"count":4,"href":"https:\/\/pipsc.ca\/fr\/wp-json\/wp\/v2\/pages\/74179\/revisions"}],"predecessor-version":[{"id":74187,"href":"https:\/\/pipsc.ca\/fr\/wp-json\/wp\/v2\/pages\/74179\/revisions\/74187"}],"up":[{"embeddable":true,"href":"https:\/\/pipsc.ca\/fr\/wp-json\/wp\/v2\/pages\/11405"}],"wp:attachment":[{"href":"https:\/\/pipsc.ca\/fr\/wp-json\/wp\/v2\/media?parent=74179"}],"curies":[{"name":"wp","href":"https:\/\/api.w.org\/{rel}","templated":true}]}}