{"id":72922,"date":"2026-04-21T20:26:51","date_gmt":"2026-04-21T20:26:51","guid":{"rendered":"https:\/\/pipsc.ca\/a-propos-de-lipfpc-2\/gouvernance\/comite-des-jeunes-de-la-region-du-quebec\/"},"modified":"2026-04-22T20:45:35","modified_gmt":"2026-04-22T20:45:35","slug":"comite-des-jeunes-de-la-region-du-quebec","status":"publish","type":"page","link":"https:\/\/pipsc.ca\/fr\/a-propos-de-lipfpc-2\/gouvernance\/comite-des-jeunes-de-la-region-du-quebec\/","title":{"rendered":"Comit\u00e9 des jeunes de la R\u00e9gion du Qu\u00e9bec"},"content":{"rendered":"<div class=\"hero-small-container  content-infobox-wrapper light-hero-section\">\n      <div class=\"container\">\n      <nav class=\"breadcrumb\">\n        <nav aria-label=\"breadcrumbs\" class=\"rank-math-breadcrumb\"><p><span class=\"last\">Accueil<\/span><\/p><\/nav>\n      <\/nav>\n    <\/div>\n  \n      <div class=\"container\">\n                    <h1 class=\"text-3xl\">\n          Comit\u00e9 des jeunes de la R\u00e9gion du Qu\u00e9bec\n        <\/h1>\n            <div class=\"hero-small-wrap\">\n        \n        \n              <\/div>\n    <\/div>\n  <\/div>\n\n\n<div class=\"container\">\n<h5 class=\"wp-block-heading\"><strong>Mandat<\/strong><\/h5>\n<\/div>\n\n<div class=\"container\">\n<p>Le comit\u00e9 des jeunes a \u00e9t\u00e9 cr\u00e9\u00e9 en 2015 en collaboration avec l\u2019ex\u00e9cutif de la R\u00e9gion du Qu\u00e9bec et le bureau de la pr\u00e9sidence de l\u2019IPFPC. Le but premier du comit\u00e9 est de sensibiliser et int\u00e9resser les jeunes membres \u00e0 la cause syndicale et \u00e0 recruter la rel\u00e8ve des d\u00e9l\u00e9gu\u00e9s syndicaux. Les autres objectifs sont de donner des avis et des recommandations touchant les jeunes ainsi que des id\u00e9es novatrices \u00e0 l\u2019ex\u00e9cutif de la r\u00e9gion et analyser la d\u00e9mographie de la derni\u00e8re g\u00e9n\u00e9ration de travailleurs. Le comit\u00e9 peut \u00eatre amen\u00e9 \u00e0 travailler sur des dossiers d\u00e9coulant des enjeux g\u00e9n\u00e9rationnels touchant les jeunes.   <\/p>\n<\/div>\n\n<div class=\"container\">\n<p>Le comit\u00e9 des jeunes est compos\u00e9 de huit membres, utilisant la structure traditionnelle des comit\u00e9s de l\u2019IPFPC. \u00c0 l\u2019exception de l\u2019agent de liaison, qui assure la communication entre notre comit\u00e9 et l\u2019ex\u00e9cutif de la R\u00e9gion du Qu\u00e9bec, les membres du comit\u00e9 sont \u00e2g\u00e9s de moins de 40 ans. Les membres du comit\u00e9 sont nomm\u00e9s par l\u2019ex\u00e9cutif de la r\u00e9gion suite \u00e0 un appel de nomination et les mandats sont d\u2019une dur\u00e9e de deux ans. Lors de la composition du comit\u00e9, l\u2019ex\u00e9cutif encourage la parit\u00e9 homme\/femme, la repr\u00e9sentativit\u00e9 r\u00e9gionale et la diversit\u00e9 des repr\u00e9sentants.   <\/p>\n<\/div>\n\n<div class=\"container\">\n<h5 class=\"wp-block-heading\"><strong>Membres<\/strong> <\/h5>\n<\/div>\n\n<div class=\"container\">\n<p>Alexandre Picotte, pr\u00e9sident<br>Anthony Reucherand, vice-pr\u00e9sident<br>Caroline Labrie, tr\u00e9sori\u00e8re<br>Samuel Fortin, secr\u00e9taire et agent de liaison des jeunes FTQ<br>Wendy Blouin, membre actif<br>Manfouss Adeyandjou Lawani, membre actif<br>Danik Proulx, membre actif<br>Camille Gauthier, membre actif<br>Patrick Sioui, agent de liaison avec l&#8217;ex\u00e9cutif de la R\u00e9gion du Qu\u00e9bec<\/p>\n<\/div>\n\n<div class=\"information-summary-block\">\n  <div class=\"container\">\n    <div class=\"label-grid-block\">\n\n      \n      \n      <div class=\"label-grid-table\">\n\n        \n        \n        \n        \n        \n      <\/div>\n    <\/div>\n  <\/div>\n<\/div>\n\n<div class=\"information-summary-block\">\n  <div class=\"container\">\n    <div class=\"label-grid-block\">\n\n      \n              <h3 class=\"label-grid-title\">Proc\u00e8s-verbal de la r\u00e9union<\/h3>\n      \n      <div class=\"label-grid-table\">\n\n        \n        \n        \n        \n        \n      <\/div>\n    <\/div>\n  <\/div>\n<\/div>","protected":false},"excerpt":{"rendered":"<p>Mandat Le comit\u00e9 des jeunes a \u00e9t\u00e9 cr\u00e9\u00e9 en 2015 en collaboration avec l\u2019ex\u00e9cutif de la R\u00e9gion du Qu\u00e9bec et le bureau de la pr\u00e9sidence de l\u2019IPFPC. Le but premier du comit\u00e9 est de sensibiliser et int\u00e9resser les jeunes membres \u00e0 la cause syndicale et \u00e0 recruter la rel\u00e8ve des d\u00e9l\u00e9gu\u00e9s syndicaux. Les autres objectifs &hellip;<\/p>\n","protected":false},"author":12,"featured_media":0,"parent":3931,"menu_order":0,"comment_status":"closed","ping_status":"closed","template":"","meta":{"_acf_changed":false,"footnotes":""},"class_list":["post-72922","page","type-page","status-publish","hentry"],"acf":[],"_links":{"self":[{"href":"https:\/\/pipsc.ca\/fr\/wp-json\/wp\/v2\/pages\/72922","targetHints":{"allow":["GET"]}}],"collection":[{"href":"https:\/\/pipsc.ca\/fr\/wp-json\/wp\/v2\/pages"}],"about":[{"href":"https:\/\/pipsc.ca\/fr\/wp-json\/wp\/v2\/types\/page"}],"author":[{"embeddable":true,"href":"https:\/\/pipsc.ca\/fr\/wp-json\/wp\/v2\/users\/12"}],"replies":[{"embeddable":true,"href":"https:\/\/pipsc.ca\/fr\/wp-json\/wp\/v2\/comments?post=72922"}],"version-history":[{"count":2,"href":"https:\/\/pipsc.ca\/fr\/wp-json\/wp\/v2\/pages\/72922\/revisions"}],"predecessor-version":[{"id":73071,"href":"https:\/\/pipsc.ca\/fr\/wp-json\/wp\/v2\/pages\/72922\/revisions\/73071"}],"up":[{"embeddable":true,"href":"https:\/\/pipsc.ca\/fr\/wp-json\/wp\/v2\/pages\/3931"}],"wp:attachment":[{"href":"https:\/\/pipsc.ca\/fr\/wp-json\/wp\/v2\/media?parent=72922"}],"curies":[{"name":"wp","href":"https:\/\/api.w.org\/{rel}","templated":true}]}}