{"id":72908,"date":"2026-04-21T20:15:04","date_gmt":"2026-04-21T20:15:04","guid":{"rendered":"https:\/\/pipsc.ca\/a-propos-de-lipfpc-2\/gouvernance\/cby-comite-des-jeunes-professionnels\/"},"modified":"2026-04-22T20:43:41","modified_gmt":"2026-04-22T20:43:41","slug":"cby-comite-des-jeunes-professionnels","status":"publish","type":"page","link":"https:\/\/pipsc.ca\/fr\/a-propos-de-lipfpc-2\/gouvernance\/cby-comite-des-jeunes-professionnels\/","title":{"rendered":"CBY Comit\u00e9 des jeunes professionnels"},"content":{"rendered":"<div class=\"hero-small-container  content-infobox-wrapper light-hero-section\">\n      <div class=\"container\">\n      <nav class=\"breadcrumb\">\n        <nav aria-label=\"breadcrumbs\" class=\"rank-math-breadcrumb\"><p><span class=\"last\">Accueil<\/span><\/p><\/nav>\n      <\/nav>\n    <\/div>\n  \n      <div class=\"container\">\n                    <h1 class=\"text-3xl\">\n          CBY Comit\u00e9 des jeunes professionnels\n        <\/h1>\n            <div class=\"hero-small-wrap\">\n        \n        \n              <\/div>\n    <\/div>\n  <\/div>\n\n\n<div class=\"container\">\n<p>Le Comit\u00e9 des jeunes professionnel\u00b7les de la Colombie-Britannique et du Yukon, compos\u00e9 de 10 membres \u00e2g\u00e9\u00b7es de 40 ans et moins, cherche \u00e0 cr\u00e9er une communaut\u00e9 parmi les jeunes professionnel\u00b7les, \u00e0 fournir des conseils et \u00e0 d\u00e9fendre les int\u00e9r\u00eats relatifs aux jeunes professionnel\u00b7les aupr\u00e8s de l\u2019ex\u00e9cutif r\u00e9gional, \u00e0 accro\u00eetre la confiance, les comp\u00e9tences et les connaissances des jeunes professionnel\u00b7les en ce qui concerne le syndicat et \u00e0 mobiliser les jeunes professionnel\u00b7les pour qu\u2019ils\/elles jouent un r\u00f4le dans la construction du syndicat pour l\u2019avenir. <\/p>\n<\/div>\n\n<div class=\"container\">\n<p>Inscrivez-vous au r\u00e9seau des jeunes professionnel\u00b7les pour bien recevoir les communications concernant les annonces et les \u00e9v\u00e9nements destin\u00e9s aux jeunes professionnel\u00b7les de la r\u00e9gion : <a href=\"https:\/\/forms.gle\/fQpkufk8FFEGNLM58\" target=\"_blank\" rel=\"noopener\">https:\/\/forms.gle\/fQpkufk8FFEGNLM58<\/a><\/p>\n<\/div>\n\n<div class=\"container\">\n<p><\/p>\n<\/div>\n\n<div class=\"container\">\n<h4 class=\"wp-block-heading\"><\/h4>\n<\/div>\n\n<div class=\"container\">\n<p><\/p>\n<\/div>\n\n<div class=\"container\">\n<h4 class=\"wp-block-heading\"><strong>Membres actuel\u00b7les <\/strong><\/h4>\n<\/div>\n\n<div class=\"container\">\n<p>Alexander Pastoukhovitch<\/p>\n<\/div>\n\n<div class=\"container\">\n<p>Alicia Lunz<\/p>\n<\/div>\n\n<div class=\"container\">\n<p>Chengdong Fang<\/p>\n<\/div>\n\n<div class=\"container\">\n<p>Emad Rahman, Committee Chair<\/p>\n<\/div>\n\n<div class=\"container\">\n<p>Jordan Loverock<\/p>\n<\/div>\n\n<div class=\"container\">\n<p>Lian Kwong<\/p>\n<\/div>\n\n<div class=\"container\">\n<p>Millicent Geonzon<\/p>\n<\/div>\n\n<div class=\"container\">\n<p>Priyanka Prabakaran<\/p>\n<\/div>\n\n<div class=\"container\">\n<p>Stacey Rehel<\/p>\n<\/div>\n\n<div class=\"container\">\n<p>Terri D&#8217;Souza<\/p>\n<\/div>\n\n<div class=\"container\">\n<p>Valerie Emery<\/p>\n<\/div>\n\n<div class=\"container\">\n<p><\/p>\n<\/div>\n\n<section class=\"info-summary-block-style-3\">\n    <div class=\"container\">\n        <div class=\"top-content\">\n                                <\/div>\n        <div class=\"bottom-content\">\n                            <div class=\"cards-grid\">\n                                        <div class=\"card-item\">\n                                                <h3 class=\"text-lg\"><strong>Proc\u00e8s-verbal de la r\u00e9union<\/strong><\/h3>\n                        \n                        \n                                                <a href=\"https:\/\/drive.google.com\/drive\/folders\/1yGyl6KXPGcfIurJX6kNXMlhosE_T8Xlj\" class=\"btn btn-lg btn-secondary\" target=\"_blank\" rel=\"noopener\">\n                            Afficher plus\n                        <\/a>\n                                            <\/div>\n                                    <\/div>\n                    <\/div>\n    <\/div>   \n<\/section>\n\n\n<section class=\"info-summary-block-style-3\">\n    <div class=\"container\">\n        <div class=\"top-content\">\n                            <h3 class=\"text-2xl heading\">\u00c9v\u00e9nements<\/h3>\n                                <\/div>\n        <div class=\"bottom-content\">\n                    <\/div>\n    <\/div>   \n<\/section>\n\n\n<div class=\"container\">\n<p><\/p>\n<\/div>","protected":false},"excerpt":{"rendered":"<p>Le Comit\u00e9 des jeunes professionnel\u00b7les de la Colombie-Britannique et du Yukon, compos\u00e9 de 10 membres \u00e2g\u00e9\u00b7es de 40 ans et moins, cherche \u00e0 cr\u00e9er une communaut\u00e9 parmi les jeunes professionnel\u00b7les, \u00e0 fournir des conseils et \u00e0 d\u00e9fendre les int\u00e9r\u00eats relatifs aux jeunes professionnel\u00b7les aupr\u00e8s de l\u2019ex\u00e9cutif r\u00e9gional, \u00e0 accro\u00eetre la confiance, les comp\u00e9tences et les &hellip;<\/p>\n","protected":false},"author":12,"featured_media":0,"parent":3931,"menu_order":0,"comment_status":"closed","ping_status":"closed","template":"","meta":{"_acf_changed":false,"footnotes":""},"class_list":["post-72908","page","type-page","status-publish","hentry"],"acf":[],"_links":{"self":[{"href":"https:\/\/pipsc.ca\/fr\/wp-json\/wp\/v2\/pages\/72908","targetHints":{"allow":["GET"]}}],"collection":[{"href":"https:\/\/pipsc.ca\/fr\/wp-json\/wp\/v2\/pages"}],"about":[{"href":"https:\/\/pipsc.ca\/fr\/wp-json\/wp\/v2\/types\/page"}],"author":[{"embeddable":true,"href":"https:\/\/pipsc.ca\/fr\/wp-json\/wp\/v2\/users\/12"}],"replies":[{"embeddable":true,"href":"https:\/\/pipsc.ca\/fr\/wp-json\/wp\/v2\/comments?post=72908"}],"version-history":[{"count":4,"href":"https:\/\/pipsc.ca\/fr\/wp-json\/wp\/v2\/pages\/72908\/revisions"}],"predecessor-version":[{"id":73068,"href":"https:\/\/pipsc.ca\/fr\/wp-json\/wp\/v2\/pages\/72908\/revisions\/73068"}],"up":[{"embeddable":true,"href":"https:\/\/pipsc.ca\/fr\/wp-json\/wp\/v2\/pages\/3931"}],"wp:attachment":[{"href":"https:\/\/pipsc.ca\/fr\/wp-json\/wp\/v2\/media?parent=72908"}],"curies":[{"name":"wp","href":"https:\/\/api.w.org\/{rel}","templated":true}]}}