{"id":72897,"date":"2026-04-21T20:06:09","date_gmt":"2026-04-21T20:06:09","guid":{"rendered":"https:\/\/pipsc.ca\/a-propos-de-lipfpc-2\/gouvernance\/comite-des-jeunes-professionnels-de-la-region-de-latlantique-cjpa\/"},"modified":"2026-04-21T20:09:03","modified_gmt":"2026-04-21T20:09:03","slug":"comite-des-jeunes-professionnels-de-la-region-de-latlantique-cjpa","status":"publish","type":"page","link":"https:\/\/pipsc.ca\/fr\/a-propos-de-lipfpc-2\/gouvernance\/comite-des-jeunes-professionnels-de-la-region-de-latlantique-cjpa\/","title":{"rendered":"Comit\u00e9 des jeunes professionnels de la R\u00e9gion de l\u2019Atlantique CJPA"},"content":{"rendered":"<div class=\"hero-small-container  content-infobox-wrapper light-hero-section\">\n      <div class=\"container\">\n      <nav class=\"breadcrumb\">\n        <nav aria-label=\"breadcrumbs\" class=\"rank-math-breadcrumb\"><p><span class=\"last\">Accueil<\/span><\/p><\/nav>\n      <\/nav>\n    <\/div>\n  \n      <div class=\"container\">\n                    <h1 class=\"text-3xl\">\n          Comit\u00e9 des jeunes professionnels de la R\u00e9gion de l\u2019Atlantique CJPA\n        <\/h1>\n            <div class=\"hero-small-wrap\">\n        \n        \n              <\/div>\n    <\/div>\n  <\/div>\n\n\n<section class=\"info-summary-block-style-3\">\n    <div class=\"container\">\n        <div class=\"top-content\">\n                            <h3 class=\"text-2xl heading\">\u00c9v\u00e9nements<\/h3>\n                                <\/div>\n        <div class=\"bottom-content\">\n                            <div class=\"cards-grid\">\n                                        <div class=\"card-item\">\n                                                <h3 class=\"text-lg\"><strong>S\u00e9ance d\u2019information virtuelle du Comit\u00e9 des jeunes professionnel\u00b7les de l\u2019Atlantique (CJPA) : Pr\u00e9sident de l\u2019IPFPC<\/strong><\/h3>\n                        \n                                                <p class=\"text-sm\">Veuillez vous joindre au Comit\u00e9 des jeunes professionnels de l\u2019Atlantique pour une s\u00e9ance d\u2019information virtuelle avec le conf\u00e9rencier invit\u00e9, le pr\u00e9sident de l\u2019IPFPC, Sean O\u2019Reilly, le mardi 5 mai 2026 \u00e0 19 h (heure de l\u2019Atlantique).&lt;br&gt;  <\/p>\n                        \n                                                <a href=\"https:\/\/docs.google.com\/document\/d\/1kew9mLdN3_jOBIwq_48kIYaoxIIIP_TwWAkEspz0N3A\/edit?tab=t.0\" class=\"btn btn-lg btn-secondary\" target=\"_blank\" rel=\"noopener\">\n                            Afficher plus\n                        <\/a>\n                                            <\/div>\n                                    <\/div>\n                    <\/div>\n    <\/div>   \n<\/section>\n\n\n<section class=\"info-summary-block-style-3\">\n    <div class=\"container\">\n        <div class=\"top-content\">\n                            <h3 class=\"text-2xl heading\">Proc\u00e8s-verbal de la r\u00e9union<\/h3>\n                                <\/div>\n        <div class=\"bottom-content\">\n                    <\/div>\n    <\/div>   \n<\/section>\n","protected":false},"excerpt":{"rendered":"","protected":false},"author":12,"featured_media":0,"parent":3931,"menu_order":0,"comment_status":"closed","ping_status":"closed","template":"","meta":{"_acf_changed":false,"footnotes":""},"class_list":["post-72897","page","type-page","status-publish","hentry"],"acf":[],"_links":{"self":[{"href":"https:\/\/pipsc.ca\/fr\/wp-json\/wp\/v2\/pages\/72897","targetHints":{"allow":["GET"]}}],"collection":[{"href":"https:\/\/pipsc.ca\/fr\/wp-json\/wp\/v2\/pages"}],"about":[{"href":"https:\/\/pipsc.ca\/fr\/wp-json\/wp\/v2\/types\/page"}],"author":[{"embeddable":true,"href":"https:\/\/pipsc.ca\/fr\/wp-json\/wp\/v2\/users\/12"}],"replies":[{"embeddable":true,"href":"https:\/\/pipsc.ca\/fr\/wp-json\/wp\/v2\/comments?post=72897"}],"version-history":[{"count":2,"href":"https:\/\/pipsc.ca\/fr\/wp-json\/wp\/v2\/pages\/72897\/revisions"}],"predecessor-version":[{"id":72899,"href":"https:\/\/pipsc.ca\/fr\/wp-json\/wp\/v2\/pages\/72897\/revisions\/72899"}],"up":[{"embeddable":true,"href":"https:\/\/pipsc.ca\/fr\/wp-json\/wp\/v2\/pages\/3931"}],"wp:attachment":[{"href":"https:\/\/pipsc.ca\/fr\/wp-json\/wp\/v2\/media?parent=72897"}],"curies":[{"name":"wp","href":"https:\/\/api.w.org\/{rel}","templated":true}]}}