{"id":67566,"date":"2026-03-13T19:18:28","date_gmt":"2026-03-13T19:18:28","guid":{"rendered":"https:\/\/pipsc.ca\/a-propos-de-lipfpc-2\/gouvernance\/elections\/plaintes-relatives-aux-elections-procedure\/"},"modified":"2026-03-13T20:24:49","modified_gmt":"2026-03-13T20:24:49","slug":"plaintes-relatives-aux-elections-procedure","status":"publish","type":"page","link":"https:\/\/pipsc.ca\/fr\/a-propos-de-lipfpc-2\/gouvernance\/elections\/plaintes-relatives-aux-elections-procedure\/","title":{"rendered":"Plaintes relatives aux \u00e9lections \u2013 Proc\u00e9dure"},"content":{"rendered":"<div class=\"hero-small-container  content-infobox-wrapper light-hero-section\">\n      <div class=\"container\">\n      <nav class=\"breadcrumb\">\n        <nav aria-label=\"breadcrumbs\" class=\"rank-math-breadcrumb\"><p><span class=\"last\">Accueil<\/span><\/p><\/nav>\n      <\/nav>\n    <\/div>\n  \n      <div class=\"container\">\n                    <h1 class=\"text-3xl\">\n          Plaintes relatives aux \u00e9lections \u2013 Proc\u00e9dure\n        <\/h1>\n            <div class=\"hero-small-wrap\">\n        \n        \n              <\/div>\n    <\/div>\n  <\/div>\n<div class=\"container\">\n<p>Selon l\u2019article 17.3.2 des statuts de l\u2019Institut, le Comit\u00e9 des \u00e9lections est responsable de la tenue des \u00e9lections de l\u2019Institut et doit mener une enqu\u00eate compl\u00e8te et statuer sur le caract\u00e8re appropri\u00e9 des activit\u00e9s d\u2019un candidat ou d\u2019un partisan. Les mesures correctives peuvent inclure, sans s&#8217;y limiter, l&#8217;annulation d\u2019une \u00e9lection ou d\u2019une candidature \u00e0 une \u00e9lection et le retrait du droit de voter d\u2019un membre. <\/p>\n<\/div><div class=\"container\">\n<p>Un membre qui porte plainte relativement \u00e0 une \u00e9lection doit remplir le nouveau <a href=\"https:\/\/pipsc.ca\/elections-complaint\">formulaire de d\u00e9p\u00f4t d\u2019une plainte relative \u00e0 une \u00e9lection<\/a>. On informera la personne qui d\u00e9pose une plainte sans utiliser le formulaire requis qu\u2019elle doit remplir ce formulaire avant que le Comit\u00e9 puisse y donner suite. <\/p>\n<\/div><div class=\"container\">\n<h4 class=\"wp-block-heading\">Proc\u00e9dure<\/h4>\n<\/div><div class=\"container\">\n<ol class=\"wp-block-list\"><div class=\"container\">\n<li>La plainte est communiqu\u00e9e \u00e0 l&#8217;intim\u00e9 pour lui donner l\u2019occasion d&#8217;y r\u00e9pondre. L\u2019intim\u00e9 doit y r\u00e9pondre dans les d\u00e9lais prescrits. <\/li>\n<\/div>\n\n<div class=\"container\">\n<li>Le Comit\u00e9 des \u00e9lections enqu\u00eate sur la situation pour v\u00e9rifier les faits. Tous les \u00e9l\u00e9ments de preuve recueillis par le Comit\u00e9 des \u00e9lections doivent \u00eatre document\u00e9s. <\/li>\n<\/div>\n\n<div class=\"container\">\n<li>Le Comit\u00e9 des \u00e9lections peut interroger le plaignant, l\u2019intim\u00e9 ou tout t\u00e9moin identifi\u00e9. Il est important que la personne contact\u00e9e ait une connaissance <em>directe<\/em> de la situation. <\/li>\n<\/div>\n\n<div class=\"container\">\n<li>Le Comit\u00e9 des \u00e9lections peut rassembler des preuves telles que des notes, des courriels ou d\u2019autres documents disponibles.<\/li>\n<\/div>\n\n<div class=\"container\">\n<li>Apr\u00e8s avoir d\u00e9ploy\u00e9 des efforts honn\u00eates pour trouver la v\u00e9rit\u00e9, le Comit\u00e9 se prononce sur la validit\u00e9 de la plainte. Le Comit\u00e9 des \u00e9lections d\u00e9termine si les actions critiqu\u00e9es constituent une infraction aux r\u00e8gles r\u00e9gissant les \u00e9lections et \u00e9tablit quelle r\u00e8gle a \u00e9t\u00e9 viol\u00e9e. <\/li>\n<\/div>\n\n<div class=\"container\">\n<li>D\u00e9poser une plainte jug\u00e9e malicieuse, frivole ou vexatoire pourrait contrevenir aux proc\u00e9dures \u00e9lectorales.<\/li>\n<\/div>\n\n<div class=\"container\">\n<li>Le plaignant qui d\u00e9pose une plainte non fond\u00e9e pourrait subir des sanctions.<\/li>\n<\/div>\n\n<div class=\"container\">\n<li>Apr\u00e8s avoir tir\u00e9 ses conclusions, le Comit\u00e9 des \u00e9lections d\u00e9cide des mesures correctives \u00e0 appliquer. Le Comit\u00e9 des \u00e9lections tient compte des plaintes pr\u00e9c\u00e9dentes, des pratiques pass\u00e9es, de la gravit\u00e9 des actions et de tout facteur att\u00e9nuant pour d\u00e9cider de ce qui est juste. Il est important d\u2019\u00eatre objectif et impartial et d\u2019\u00e9viter de sauter aux conclusions.  <\/li>\n<\/div>\n\n<div class=\"container\">\n<li>La d\u00e9cision du Comit\u00e9 des \u00e9lections est communiqu\u00e9e par \u00e9crit au plaignant et \u00e0 l&#8217;intim\u00e9.<\/li>\n<\/div>\n\n<div class=\"container\">\n<li>Les parties directement touch\u00e9es par la plainte peuvent en appeler des d\u00e9cisions du Comit\u00e9 des \u00e9lections.<\/li>\n<\/div><\/ol>\n<\/div><div class=\"container\">\n<p>Selon les statuts, il est possible de d\u00e9poser une plainte jusqu\u2019\u00e0 30 jours apr\u00e8s une \u00e9lection. Quand il re\u00e7oit une plainte, le Comit\u00e9 des \u00e9lections doit s\u2019en occuper sans tarder, car elle peut avoir une incidence sur l\u2019\u00e9lection. <\/p>\n<\/div><div class=\"container\">\n<p>Le repr\u00e9sentant du personnel de l\u2019Institut aide le Comit\u00e9 des \u00e9lections \u00e0 r\u00e9gler les plaintes.<\/p>\n<\/div><div class=\"container\">\n<p><a href=\"https:\/\/pipsc.ca\/about\/governance\/committees\/elections-appeal\/about\">Proc\u00e9dures d\u2019appel en mati\u00e8re d\u2019\u00e9lections<\/a><\/p>\n<\/div>","protected":false},"excerpt":{"rendered":"<p>Selon l\u2019article 17.3.2 des statuts de l\u2019Institut, le Comit\u00e9 des \u00e9lections est responsable de la tenue des \u00e9lections de l\u2019Institut et doit mener une enqu\u00eate compl\u00e8te et statuer sur le caract\u00e8re appropri\u00e9 des activit\u00e9s d\u2019un candidat ou d\u2019un partisan. Les mesures correctives peuvent inclure, sans s&#8217;y limiter, l&#8217;annulation d\u2019une \u00e9lection ou d\u2019une candidature \u00e0 une &hellip;<\/p>\n","protected":false},"author":12,"featured_media":0,"parent":13481,"menu_order":0,"comment_status":"closed","ping_status":"closed","template":"","meta":{"_acf_changed":false,"footnotes":""},"class_list":["post-67566","page","type-page","status-publish","hentry"],"acf":[],"_links":{"self":[{"href":"https:\/\/pipsc.ca\/fr\/wp-json\/wp\/v2\/pages\/67566","targetHints":{"allow":["GET"]}}],"collection":[{"href":"https:\/\/pipsc.ca\/fr\/wp-json\/wp\/v2\/pages"}],"about":[{"href":"https:\/\/pipsc.ca\/fr\/wp-json\/wp\/v2\/types\/page"}],"author":[{"embeddable":true,"href":"https:\/\/pipsc.ca\/fr\/wp-json\/wp\/v2\/users\/12"}],"replies":[{"embeddable":true,"href":"https:\/\/pipsc.ca\/fr\/wp-json\/wp\/v2\/comments?post=67566"}],"version-history":[{"count":1,"href":"https:\/\/pipsc.ca\/fr\/wp-json\/wp\/v2\/pages\/67566\/revisions"}],"predecessor-version":[{"id":67567,"href":"https:\/\/pipsc.ca\/fr\/wp-json\/wp\/v2\/pages\/67566\/revisions\/67567"}],"up":[{"embeddable":true,"href":"https:\/\/pipsc.ca\/fr\/wp-json\/wp\/v2\/pages\/13481"}],"wp:attachment":[{"href":"https:\/\/pipsc.ca\/fr\/wp-json\/wp\/v2\/media?parent=67566"}],"curies":[{"name":"wp","href":"https:\/\/api.w.org\/{rel}","templated":true}]}}