{"id":3957,"date":"2025-10-07T14:57:37","date_gmt":"2025-10-07T14:57:37","guid":{"rendered":"https:\/\/pipsc.ca\/a-propos-de-lipfpc\/"},"modified":"2026-03-17T15:24:47","modified_gmt":"2026-03-17T15:24:47","slug":"a-propos-de-lipfpc","status":"publish","type":"page","link":"https:\/\/pipsc.ca\/fr\/a-propos-de-lipfpc-2\/a-propos-de-lipfpc\/","title":{"rendered":"\u00c0 propos de l\u2019Institut"},"content":{"rendered":"<div class=\"hero-small-container  sidebar-content-wrapper dark-hero-section\">\n      <div class=\"container\">\n      <nav class=\"breadcrumb\">\n        <nav aria-label=\"breadcrumbs\" class=\"rank-math-breadcrumb\"><p><span class=\"last\">Accueil<\/span><\/p><\/nav>\n      <\/nav>\n    <\/div>\n  \n      <div class=\"container\">\n                    <h1 class=\"text-3xl\">\n          \u00c0 propos de l\u2019IPFPC\n        <\/h1>\n            <div class=\"hero-small-wrap\">\n                  <div class=\"short-desc-left text-lg\">\n            <p>L\u2019Institut professionnel de la fonction publique du Canada (IPFPC) repr\u00e9sente 80 000 scientifiques et professionnel\u00b7les employ\u00e9\u00b7es au niveau f\u00e9d\u00e9ral et \u00e0 certains niveaux provinciaux et territoriaux du gouvernement.<\/p>\n<p>L\u2019Institut est un syndicat accr\u00e9dit\u00e9 reconnu par le Conseil des relations du travail pour nous repr\u00e9senter. Notre syndicat n\u00e9gocie des conventions collectives avec 26 employeurs diff\u00e9rents dans six administrations.<\/p>\n\n          <\/div>\n        \n                  <div class=\"short-desc-right text-lg sidebar-content\">\n                        <p>Nous d\u00e9fendons des milieux de travail \u00e9quitables, prot\u00e9geons les droits des membres et renfor\u00e7ons la valeur de la fonction publique par l\u2019action collective, l\u2019expertise et le leadership.<\/p>\n          <\/div>\n        \n              <\/div>\n    <\/div>\n  <\/div>\n\n\n<div class=\"content-highlight cta-style-1 style-colossal-header  content-left\">\n  <div class=\"content-highlight-container container\" style = \"background-color: transparent\">\n    \n    \n    <div class=\"content-highlight-content-block\">\n      <div class=\"content-highlight-content\">\n                          <h2 class=\"block-title text-2xl\">Mandat et valeurs<\/h2>\n                                  <p class=\"text-sm fs-md\">\n            Le mandat de l\u2019IPFPC est d\u2019offrir aux membres, collectivement et individuellement, une repr\u00e9sentation de la meilleure qualit\u00e9; nous y parvenons en\r\nassurant des services efficaces de n\u00e9gociation, de relations du travail et autres;\r\nfaisant valoir les droits et les int\u00e9r\u00eats des membres et les d\u00e9fendons activement;\r\nprot\u00e9geant et valorisant \u00e9nergiquement les normes professionnelles.\r\n\r\nNos valeurs sont le respect, l\u2019int\u00e9grit\u00e9, la coop\u00e9ration et la responsabilisation; notre vision est celle d\u2019une association dynamique et autonome offrant des services publics de calibre mondial avec \u00e9quit\u00e9, impartialit\u00e9 et excellence.\r\n\n          <\/p>\n                                                              <\/div>\n    <\/div>\n\n          \n      <div class=\"content-highlight-image-block col-xxxl-6 col-xxl-6 col-xl-8 col-lg-8 col-md-6 col-sm-4 content-highlight-right-image\">\n                      <\/div>\n      <\/div>\n<\/div>\n\n\n<section class=\"key-features-and-benefits row_4\">\n  <div class=\"container\">\n    <div class=\"key-features-and-benefits-left-content\">\n              <h2 class=\"key-features-and-benefits__title text-2xl\">Nos valeurs<\/h2>\n                            <\/div>\n          <div class=\"key-features-and-benefits-right-box\">\n                  <div class=\"benefits-box__item\">\n            <div class=\"benefits-box__icon\">\n                              <span class=\"icon-pipsc-new-person\"><\/span>\n                          <\/div>\n            <div class=\"benefits-box__content\">\n                              <h3 class=\"benefits-box__title text-sm-bold\">Respect<\/h3>\n                                            <p class=\"benefits-box__description text-sm\">\u00catre r\u00e9ceptif\u00b7ve et sensible aux droits de nos membres.<\/p>\n                          <\/div>\n          <\/div>\n                  <div class=\"benefits-box__item\">\n            <div class=\"benefits-box__icon\">\n                              <span class=\"icon-check\"><\/span>\n                          <\/div>\n            <div class=\"benefits-box__content\">\n                              <h3 class=\"benefits-box__title text-sm-bold\">Int\u00e9grit\u00e9<\/h3>\n                                            <p class=\"benefits-box__description text-sm\">L\u2019IPFPC et ses membres agissent avec honn\u00eatet\u00e9 et \u00e9quit\u00e9.<\/p>\n                          <\/div>\n          <\/div>\n                  <div class=\"benefits-box__item\">\n            <div class=\"benefits-box__icon\">\n                              <span class=\"icon-hands-grasps\"><\/span>\n                          <\/div>\n            <div class=\"benefits-box__content\">\n                              <h3 class=\"benefits-box__title text-sm-bold\">Coop\u00e9ration<\/h3>\n                                            <p class=\"benefits-box__description text-sm\">\u00c9tablir des partenariats et s\u2019entraider dans l\u2019atteinte d\u2019objectifs communs.<\/p>\n                          <\/div>\n          <\/div>\n                  <div class=\"benefits-box__item\">\n            <div class=\"benefits-box__icon\">\n                              <span class=\"icon-policy\"><\/span>\n                          <\/div>\n            <div class=\"benefits-box__content\">\n                              <h3 class=\"benefits-box__title text-sm-bold\">Responsabilisation<\/h3>\n                                            <p class=\"benefits-box__description text-sm\">Cela signifie que nous devons rendre des comptes \u00e0 nos membres et faire preuve de transparence \u00e0 l\u2019\u00e9gard de nos actions.<\/p>\n                          <\/div>\n          <\/div>\n              <\/div>\n      <\/div>\n<\/section>\n\n\n<section class=\"key-features-and-benefits featured\">\n  <div class=\"container\">\n    <div class=\"key-features-and-benefits-left-content\">\n              <h2 class=\"key-features-and-benefits__title text-2xl\">Notre strat\u00e9gie<\/h2>\n                            <\/div>\n          <div class=\"key-features-and-benefits-right-box\">\n                  <div class=\"benefits-box__item\">\n            <div class=\"benefits-box__icon\">\n                              <span class=\"icon-group-people\"><\/span>\n                          <\/div>\n            <div class=\"benefits-box__content\">\n                              <h3 class=\"benefits-box__title text-sm-bold\">Outiller et soutenir chaque membre<\/h3>\n                                            <p class=\"benefits-box__description text-sm\">Nous prot\u00e9geons et am\u00e9liorons les conditions de travail, mettons de l\u2019avant l\u2019incidence des professionnel\u00b7les dans un milieu de travail en \u00e9volution, adaptons nos services aux besoins changeants et renfor\u00e7ons la mobilisation des membres aupr\u00e8s de l\u2019IPFPC et du mouvement syndical.<\/p>\n                          <\/div>\n          <\/div>\n                  <div class=\"benefits-box__item\">\n            <div class=\"benefits-box__icon\">\n                              <span class=\"icon-hand-star\"><\/span>\n                          <\/div>\n            <div class=\"benefits-box__content\">\n                              <h3 class=\"benefits-box__title text-sm-bold\">Renforcer l\u2019influence pour susciter le changement<\/h3>\n                                            <p class=\"benefits-box__description text-sm\">Nous renfor\u00e7ons les relations avec les d\u00e9cideur\u00b7euses, les syndicats et les alli\u00e9\u00b7es communautaires, nous rehaussons le profil public de l\u2019IPFPC et nous faisons progresser la recherche et les politiques progressistes pour fa\u00e7onner l\u2019avenir du travail.<\/p>\n                          <\/div>\n          <\/div>\n                  <div class=\"benefits-box__item\">\n            <div class=\"benefits-box__icon\">\n                              <span class=\"icon-pennant\"><\/span>\n                          <\/div>\n            <div class=\"benefits-box__content\">\n                              <h3 class=\"benefits-box__title text-sm-bold\">\u00c9tablir une norme d\u2019excellence<\/h3>\n                                            <p class=\"benefits-box__description text-sm\">Nous disposons d\u2019une gouvernance claire et d\u2019un mod\u00e8le financier diversifi\u00e9, modernisons l\u2019exp\u00e9rience de nos membres et favorisons une culture ax\u00e9e sur les objectifs qui inspire fiert\u00e9 et sentiment d\u2019appartenance.<\/p>\n                          <\/div>\n          <\/div>\n              <\/div>\n      <\/div>\n<\/section>\n\n\n<div class=\"highlight-container \">\n  <div class=\"container\">\n  \n      <h3 class=\"highlight-title text-3xl \">Le moteur de l\u2019IPFPC<\/h3>\n  \n  \n      <div class=\"highlight-cards\">\n              <div class=\"highlight-card start-order-left\">\n          <div class=\"card-content blue\">\n              <div class=\"card-image\">\n                <img decoding=\"async\" src=\"https:\/\/aws-pipsc-prod-pipscmain-static.s3.ca-central-1.amazonaws.com\/app\/uploads\/Level2-Website-ContentOutros-Staff-756x320-1.jpg\" alt=\"Notre \u00e9quipe d\u00e9vou\u00e9e\">\n              <\/div>\n\n            \n            <div class=\"card-text\">\n              <p class=\"text-sm\"><strong><\/strong><\/p>\n              <h6 class=\"text-lg-bold\">Notre \u00e9quipe d\u00e9vou\u00e9e<\/h6>\n              <div class=\"text-sm description\">Notre personnel travaille sans rel\u00e2che en coulisses pour soutenir nos membres, d\u00e9fendre nos valeurs et assurer le bon fonctionnement de l\u2019IPFPC. Nous sommes reconnaissants de leur expertise, de leur engagement et de leur passion dans la prestation des programmes et services qui comptent le plus pour vous.<\/div>\n                                                      <\/div>\n          <\/div>\n        <\/div>\n              <div class=\"highlight-card start-order-right\">\n          <div class=\"card-content blue\">\n              <div class=\"card-image\">\n                <img decoding=\"async\" src=\"https:\/\/aws-pipsc-prod-pipscmain-static.s3.ca-central-1.amazonaws.com\/app\/uploads\/Level2-Website-ContentOutros-Join-756x320-1.jpg\" alt=\"Rejoignez notre \u00e9quipe.\">\n              <\/div>\n\n            \n            <div class=\"card-text\">\n              <p class=\"text-sm\"><strong><\/strong><\/p>\n              <h6 class=\"text-lg-bold\">Rejoignez notre \u00e9quipe.<\/h6>\n              <div class=\"text-sm description\">Mettez vos comp\u00e9tences et votre passion au service de l\u2019IPFPC. Explorez des possibilit\u00e9s de carri\u00e8re enrichissantes au sein d\u2019un organisme national vou\u00e9 \u00e0 soutenir les professionnels de la fonction publique et \u00e0 avoir une incidence positive partout au Canada.<\/div>\n                              <a href=\"https:\/\/pipsc.ca\/fr\/a-propos-de-lipfpc-2\/a-propos-de-lipfpc\/careers-at-pipsc\/\" class=\"btn btn-lg btn-link\">\n                <span class=\"btn-text\">Affichez les possibilit\u00e9s d\u2019emploi<span class=\"icon-go-to\"><\/span><\/span>\n                <\/a>\n                                                      <\/div>\n          <\/div>\n        <\/div>\n          <\/div>\n    <\/div>\n<\/div>\n\n\n<div class=\"container\">\n  <section class=\"information-callout \">\n    <div class=\"information-callout__inner\">\n              <h2 class=\"information-callout__headline\">Des questions?<\/h2>\n      \n              <p class=\"information-callout__description\"> Si vous avez des questions, veuillez communiquer avec nous.<\/p>\n      \n      <div class=\"information-callout__actions\">\n                  <a href=\"https:\/\/pipsc.ca\/fr\/a-propos-de-lipfpc-2\/contactez-nous\/\" class=\"btn btn-primary\">\n            Contactez-nous\n          <\/a>\n        \n              <\/div>\n    <\/div>\n  <\/section>\n<\/div>\n","protected":false},"excerpt":{"rendered":"","protected":false},"author":2,"featured_media":0,"parent":11192,"menu_order":0,"comment_status":"closed","ping_status":"closed","template":"","meta":{"_acf_changed":false,"footnotes":""},"class_list":["post-3957","page","type-page","status-publish","hentry"],"acf":[],"_links":{"self":[{"href":"https:\/\/pipsc.ca\/fr\/wp-json\/wp\/v2\/pages\/3957","targetHints":{"allow":["GET"]}}],"collection":[{"href":"https:\/\/pipsc.ca\/fr\/wp-json\/wp\/v2\/pages"}],"about":[{"href":"https:\/\/pipsc.ca\/fr\/wp-json\/wp\/v2\/types\/page"}],"author":[{"embeddable":true,"href":"https:\/\/pipsc.ca\/fr\/wp-json\/wp\/v2\/users\/2"}],"replies":[{"embeddable":true,"href":"https:\/\/pipsc.ca\/fr\/wp-json\/wp\/v2\/comments?post=3957"}],"version-history":[{"count":13,"href":"https:\/\/pipsc.ca\/fr\/wp-json\/wp\/v2\/pages\/3957\/revisions"}],"predecessor-version":[{"id":68323,"href":"https:\/\/pipsc.ca\/fr\/wp-json\/wp\/v2\/pages\/3957\/revisions\/68323"}],"up":[{"embeddable":true,"href":"https:\/\/pipsc.ca\/fr\/wp-json\/wp\/v2\/pages\/11192"}],"wp:attachment":[{"href":"https:\/\/pipsc.ca\/fr\/wp-json\/wp\/v2\/media?parent=3957"}],"curies":[{"name":"wp","href":"https:\/\/api.w.org\/{rel}","templated":true}]}}