{"id":3854,"date":"2025-10-07T19:38:49","date_gmt":"2025-10-07T19:38:49","guid":{"rendered":"https:\/\/pipsc.ca\/politiques\/"},"modified":"2026-03-20T00:04:32","modified_gmt":"2026-03-20T00:04:32","slug":"politiques","status":"publish","type":"page","link":"https:\/\/pipsc.ca\/fr\/a-propos-de-lipfpc-2\/gouvernance\/documents-de-gouvernance\/politiques\/","title":{"rendered":"Politiques"},"content":{"rendered":"<div class=\"hero-small-container  content-infobox-wrapper dark-hero-section\">\n      <div class=\"container\">\n      <nav class=\"breadcrumb\">\n        <nav aria-label=\"breadcrumbs\" class=\"rank-math-breadcrumb\"><p><span class=\"last\">Accueil<\/span><\/p><\/nav>\n      <\/nav>\n    <\/div>\n  \n      <div class=\"container\">\n                    <h1 class=\"text-3xl\">\n          Politiques\n        <\/h1>\n            <div class=\"hero-small-wrap\">\n        \n        \n              <\/div>\n    <\/div>\n  <\/div>\n\n\n<div class=\"content-intros-container plain_2 \">\n  <div class=\"container\">\n    <div class=\"content-intros-wrap\">\n      <div class=\"content-intros-left\">\n        \n                  <div class=\"text-md\">\n            <p><!-- wp:paragraph --><\/p>\n<p>Nous conservons maintenant toutes les politiques de l\u2019Institut dans Google Disque. Il n\u2019est pas n\u00e9cessaire d\u2019avoir un compte Google pour y acc\u00e9der; il suffit de <a href=\"https:\/\/drive.google.com\/drive\/u\/0\/folders\/1Xb-x3hgyeMwe0oNDuZFAT-p_ko3YhtAc\" target=\"_blank\" rel=\"noopener\">cliquer ici pour voir toutes les politiques<\/a>, ou de s\u00e9lectionner la section qui vous int\u00e9resse dans la liste ci-dessous.<\/p>\n<p><!-- \/wp:paragraph --> <!-- wp:list --><\/p>\n<ul class=\"wp-block-list\">\n<li style=\"list-style-type: none\">\n<ul class=\"wp-block-list\"><!-- wp:list-item --><\/p>\n<li><a href=\"https:\/\/drive.google.com\/drive\/folders\/1Kn0Wv5VJYJEqHGhNO6ipY1JZgpL7aoBK?usp=sharing\" target=\"_blank\" rel=\"noopener\">Conseil d&#8217;administration<\/a><\/li>\n<\/ul>\n<\/li>\n<\/ul>\n<p><!-- \/wp:list-item --> <!-- wp:list-item --><\/p>\n<ul class=\"wp-block-list\">\n<li style=\"list-style-type: none\">\n<ul class=\"wp-block-list\">\n<li><a href=\"https:\/\/drive.google.com\/drive\/folders\/1E428VayBpZy3a1vOVaXc3EsXyiFr0Mi0?usp=sharing\" target=\"_blank\" rel=\"noopener\">Organismes constituants<\/a><\/li>\n<\/ul>\n<\/li>\n<\/ul>\n<p><!-- \/wp:list-item --> <!-- wp:list-item --><\/p>\n<ul class=\"wp-block-list\">\n<li style=\"list-style-type: none\">\n<ul class=\"wp-block-list\">\n<li><a href=\"https:\/\/drive.google.com\/drive\/folders\/1dLUPEk7V217Xl7EyKbCDuYvI--3bS2dP?usp=sharing\" target=\"_blank\" rel=\"noopener\">Participation des membres<\/a><\/li>\n<\/ul>\n<\/li>\n<\/ul>\n<p><!-- \/wp:list-item --> <!-- wp:list-item --><\/p>\n<ul class=\"wp-block-list\">\n<li style=\"list-style-type: none\">\n<ul class=\"wp-block-list\">\n<li><a href=\"https:\/\/drive.google.com\/drive\/folders\/1vvzhKYmSSRll_cx2xY6xVINE9wfoZ2hj?usp=sharing\" target=\"_blank\" rel=\"noopener\">Conduite<\/a><\/li>\n<\/ul>\n<\/li>\n<\/ul>\n<p><!-- \/wp:list-item --> <!-- wp:list-item --><\/p>\n<ul class=\"wp-block-list\">\n<li style=\"list-style-type: none\">\n<ul class=\"wp-block-list\">\n<li><a href=\"https:\/\/drive.google.com\/drive\/folders\/10c8ii0Gj0t-44Oh-FoxIeSxVa8hdBpgI?usp=sharing\" target=\"_blank\" rel=\"noopener\">Administration de I&#8217;Institut<\/a><\/li>\n<\/ul>\n<\/li>\n<\/ul>\n<p><!-- \/wp:list-item --> <!-- wp:list-item --><\/p>\n<ul class=\"wp-block-list\">\n<li style=\"list-style-type: none\">\n<ul class=\"wp-block-list\">\n<li><a href=\"https:\/\/drive.google.com\/drive\/folders\/1OSIhMsMDNvBK53RntqIgFnHEVa4GbNf5?usp=sharing\" target=\"_blank\" rel=\"noopener\">Relations de travail<\/a><\/li>\n<\/ul>\n<\/li>\n<\/ul>\n<p><!-- \/wp:list-item --><\/p>\n<p><!-- \/wp:list --> <!-- wp:paragraph --><\/p>\n<p>Les politiques et les statuts de l\u2019Institut ont \u00e9volu\u00e9 de fa\u00e7on organique, et le Conseil d\u2019administration de l\u2019Institut a mis sur pied un groupe de travail sur l\u2019examen des politiques pour revoir et remanier l\u2019ensemble des politiques de notre syndicat pour les rendre plus coh\u00e9rentes et claires. Aucun contenu de politique n\u2019a \u00e9t\u00e9 supprim\u00e9, mais les lacunes et les chevauchements ont \u00e9t\u00e9 identifi\u00e9s et corrig\u00e9s afin de simplifier les diff\u00e9rentes politiques et de les rendre plus conviviales. Ainsi, les membres pourront mieux s\u2019y retrouver.<\/p>\n<!-- \/wp:paragraph -->\n          <\/div>\n        \n         \n              <\/div>\n\n      <div class=\"content-intros-right\">\n                  <div class=\"content-intros-right-wrapper\">\n\n                        <div class=\"content-intros-icon\">\n              <span class=\"icon-book\"><\/span>\n            <\/div>\n            \n            \n            \n                          <div class=\"short-multiline-description text-sm\">\n                <p>\n                  Vous pouvez lire le rapport int\u00e9gral du groupe de travail ici.\n                <\/p>\n              <\/div>\n            \n                          <div class=\"sign-in-button\">\n                <a href=\"https:\/\/aws-pipsc-prod-pipscmain-static.s3.ca-central-1.amazonaws.com\/app\/uploads\/Report-PIPSC-Comprehensive-Policy-Review-2016-2018-Final.pdf\" title=\"Lire le rapport\" class=\"btn btn-primary btn-lg\" target=\"_blank\" rel=\"noopener\">\n                  <span class=\"btn-text\">Lire le rapport<\/span>\n                <\/a>\n              <\/div>\n                      <\/div>\n              <\/div>\n    <\/div>\n  <\/div>\n<\/div>\n","protected":false},"excerpt":{"rendered":"","protected":false},"author":2,"featured_media":0,"parent":13450,"menu_order":0,"comment_status":"closed","ping_status":"closed","template":"","meta":{"_acf_changed":false,"footnotes":""},"class_list":["post-3854","page","type-page","status-publish","hentry"],"acf":[],"_links":{"self":[{"href":"https:\/\/pipsc.ca\/fr\/wp-json\/wp\/v2\/pages\/3854","targetHints":{"allow":["GET"]}}],"collection":[{"href":"https:\/\/pipsc.ca\/fr\/wp-json\/wp\/v2\/pages"}],"about":[{"href":"https:\/\/pipsc.ca\/fr\/wp-json\/wp\/v2\/types\/page"}],"author":[{"embeddable":true,"href":"https:\/\/pipsc.ca\/fr\/wp-json\/wp\/v2\/users\/2"}],"replies":[{"embeddable":true,"href":"https:\/\/pipsc.ca\/fr\/wp-json\/wp\/v2\/comments?post=3854"}],"version-history":[{"count":7,"href":"https:\/\/pipsc.ca\/fr\/wp-json\/wp\/v2\/pages\/3854\/revisions"}],"predecessor-version":[{"id":69202,"href":"https:\/\/pipsc.ca\/fr\/wp-json\/wp\/v2\/pages\/3854\/revisions\/69202"}],"up":[{"embeddable":true,"href":"https:\/\/pipsc.ca\/fr\/wp-json\/wp\/v2\/pages\/13450"}],"wp:attachment":[{"href":"https:\/\/pipsc.ca\/fr\/wp-json\/wp\/v2\/media?parent=3854"}],"curies":[{"name":"wp","href":"https:\/\/api.w.org\/{rel}","templated":true}]}}