{"id":3834,"date":"2025-10-07T15:02:26","date_gmt":"2025-10-07T15:02:26","guid":{"rendered":"https:\/\/pipsc.ca\/defense-des-interets\/"},"modified":"2026-03-18T12:42:46","modified_gmt":"2026-03-18T12:42:46","slug":"defense-des-interets","status":"publish","type":"page","link":"https:\/\/pipsc.ca\/fr\/for-members\/defense-des-interets\/","title":{"rendered":"D\u00e9fense des int\u00e9r\u00eats"},"content":{"rendered":"<div class=\"hero-small-container  sidebar-content-wrapper dark-hero-section\">\n      <div class=\"container\">\n      <nav class=\"breadcrumb\">\n        <nav aria-label=\"breadcrumbs\" class=\"rank-math-breadcrumb\"><p><span class=\"last\">Accueil<\/span><\/p><\/nav>\n      <\/nav>\n    <\/div>\n  \n      <div class=\"container\">\n                    <h1 class=\"text-3xl\">\n          D\u00e9fense des int\u00e9r\u00eats\n        <\/h1>\n            <div class=\"hero-small-wrap\">\n                  <div class=\"short-desc-left text-lg\">\n            <p>D\u00e9couvrez comment l\u2019IPFPC appuie ses membres et milite pour de meilleures conditions de travail.<\/p>\n\n          <\/div>\n        \n                  <div class=\"short-desc-right text-lg sidebar-content\">\n                        <p>Explorez les services, les protections et les personnes qui soutiennent notre engagement \u00e0 vous d\u00e9fendre, \u00e0 chaque \u00e9tape du processus.<\/p>\n          <\/div>\n        \n              <\/div>\n    <\/div>\n  <\/div>\n\n\n<div class=\"pipsc-working-towards-container\">\n  <div class=\"container\">\n    <div class=\"pipsc-working-towards-grid row\">\n      <!-- Left Menu -->\n      <div class=\"pipsc-working-towards-menu col-xxxl-3 col-xxl-md-3 col-xxl-4 col-xl-3 col-lg-3\">\n        <div class=\"pipsc-working-towards-menu-inner\">\n          <h3 class=\"text-2xl\">Ce \u00e0 quoi l\u2019IPFPC travaille<\/h3>\n          <div class=\"text-md\">L\u2019IPFPC d\u00e9fend activement les enjeux qui comptent le plus pour ses membres, qu\u2019il s\u2019agisse de salaires \u00e9quitables et de s\u00e9curit\u00e9 d\u2019emploi, de protection des services publics, du droit au t\u00e9l\u00e9travail ou d\u2019une meilleure \u00e9quit\u00e9 en milieu de travail.<\/div>\n          <ul>\n                          <li class=\"menu-item text-lg active\" data-index=\"0\">\n                D\u00e9fense de la science publique\n              <\/li>\n                          <li class=\"menu-item text-lg \" data-index=\"1\">\n                \u00c9quit\u00e9 fiscale\n              <\/li>\n                          <li class=\"menu-item text-lg \" data-index=\"2\">\n                Sous-traitance\n              <\/li>\n                          <li class=\"menu-item text-lg \" data-index=\"3\">\n                Intelligence artificielle\n              <\/li>\n                      <\/ul>\n                      <a href=\"https:\/\/pipsc.ca\/fr\/for-members\/defense-des-interets\/\" class=\"btn btn-lg btn-primary\">Affichez tous les principaux enjeux<\/a>\n                  <\/div>\n      <\/div>\n      <!-- Right Content -->\n      <div class=\"pipsc-working-towards-content col-xxxl-9 col-xxl-md-9 col-xxl-8 col-xl-5 col-lg-5\">\n                  <div class=\"content-item active\" data-index=\"0\">\n                          <img decoding=\"async\" src=\"https:\/\/aws-pipsc-prod-pipscmain-static.s3.ca-central-1.amazonaws.com\/app\/uploads\/Level2-Website-Hero-Content-Colossal-Header-Defending-Public-Science-977x786-1.png\" alt=\"D\u00e9fense de la science publique\" \/>\n                        <div class=\"image-overlay-content\">\n            <h3 class=\"text-2xl mobile-main-title\">Ce \u00e0 quoi l\u2019IPFPC travaille<\/h3>\n                          <h4 class=\"text-xl\">D\u00e9fense de la science publique<\/h4>\n                        <div class=\"description\">\n                          <p class=\"text-sm\">Nous repr\u00e9sentons plus de 15 000 scientifiques, ing\u00e9nieur\u00b7es et chercheur\u00b7ses du secteur public. Ensemble, nous travaillons dur pour d\u00e9fendre la science publique. Nous d\u00e9fendons l\u2019int\u00e9grit\u00e9 scientifique et une plus grande inclusion des femmes dans les sciences.<\/p>\n                                      <a href=\"https:\/\/pipsc.ca\/fr\/for-members\/defense-des-interets\/top-issues-campaigns\/defendre-la-science-publique\/\" class=\"btn btn-lg btn-link\">\n                <span class=\"btn-text\">En savoir plus<span class=\"icon-arrow-right\"><\/span><\/span>\n              <\/a>\n                        <\/div>\n            <\/div>\n          <\/div>\n                  <div class=\"content-item \" data-index=\"1\">\n                          <img decoding=\"async\" src=\"https:\/\/aws-pipsc-prod-pipscmain-static.s3.ca-central-1.amazonaws.com\/app\/uploads\/Level2-Website-Hero-Content-Colossal-Header-TaxFairness-977x786-1.png\" alt=\"\u00c9quit\u00e9 fiscale\" \/>\n                        <div class=\"image-overlay-content\">\n            <h3 class=\"text-2xl mobile-main-title\">Ce \u00e0 quoi l\u2019IPFPC travaille<\/h3>\n                          <h4 class=\"text-xl\">\u00c9quit\u00e9 fiscale<\/h4>\n                        <div class=\"description\">\n                          <p class=\"text-sm\">Nos 12 000 fiscalistes ont tir\u00e9 la sonnette d\u2019alarme concernant les \u00e9chappatoires et les fraudeurs fiscaux. Pour offrir des services essentiels aux Canadiens, le gouvernement doit prot\u00e9ger ses sources de revenus fiscaux.<\/p>\n                                      <a href=\"https:\/\/pipsc.ca\/fr\/for-members\/defense-des-interets\/top-issues-campaigns\/promotion-de-lequite-fiscale\/\" class=\"btn btn-lg btn-link\">\n                <span class=\"btn-text\">En savoir plus<span class=\"icon-arrow-right\"><\/span><\/span>\n              <\/a>\n                        <\/div>\n            <\/div>\n          <\/div>\n                  <div class=\"content-item \" data-index=\"2\">\n                          <img decoding=\"async\" src=\"https:\/\/aws-pipsc-prod-pipscmain-static.s3.ca-central-1.amazonaws.com\/app\/uploads\/Level2-Website-Hero-Content-Colossal-Header-Outsourcing-977x786-1.png\" alt=\"Sous-traitance\" \/>\n                        <div class=\"image-overlay-content\">\n            <h3 class=\"text-2xl mobile-main-title\">Ce \u00e0 quoi l\u2019IPFPC travaille<\/h3>\n                          <h4 class=\"text-xl\">Sous-traitance<\/h4>\n                        <div class=\"description\">\n                          <p class=\"text-sm\">Des ann\u00e9es de sous-traitance incontr\u00f4l\u00e9e ont cr\u00e9\u00e9 une fonction publique fant\u00f4me compos\u00e9e de consultant\u00b7es et d\u2019employ\u00e9\u00b7es temporaires op\u00e9rant parall\u00e8lement aux fonctionnaires, ce qui se traduit par des co\u00fbts plus \u00e9lev\u00e9s et des services de moindre qualit\u00e9 pour les Canadien\u00b7nes.<\/p>\n                                      <a href=\"https:\/\/pipsc.ca\/fr\/for-members\/defense-des-interets\/top-issues-campaigns\/sous-traitance\/\" class=\"btn btn-lg btn-link\">\n                <span class=\"btn-text\">En savoir plus<span class=\"icon-arrow-right\"><\/span><\/span>\n              <\/a>\n                        <\/div>\n            <\/div>\n          <\/div>\n                  <div class=\"content-item \" data-index=\"3\">\n                          <img decoding=\"async\" src=\"https:\/\/aws-pipsc-prod-pipscmain-static.s3.ca-central-1.amazonaws.com\/app\/uploads\/Level2-Website-Hero-Content-Colossal-Header-AI-977x786-1.png\" alt=\"Intelligence artificielle\" \/>\n                        <div class=\"image-overlay-content\">\n            <h3 class=\"text-2xl mobile-main-title\">Ce \u00e0 quoi l\u2019IPFPC travaille<\/h3>\n                          <h4 class=\"text-xl\">Intelligence artificielle<\/h4>\n                        <div class=\"description\">\n                          <p class=\"text-sm\">Nous avons besoin d\u2019une strat\u00e9gie pancanadienne en mati\u00e8re d\u2019IA pour prot\u00e9ger l\u2019int\u00e9r\u00eat public, les bons emplois, les droits des travailleur\u00b7ses et la souverainet\u00e9 num\u00e9rique.<\/p>\n                                      <a href=\"https:\/\/pipsc.ca\/fr\/for-members\/defense-des-interets\/top-issues-campaigns\/intelligence-artificielle\/\" class=\"btn btn-lg btn-link\">\n                <span class=\"btn-text\">En savoir plus<span class=\"icon-arrow-right\"><\/span><\/span>\n              <\/a>\n                        <\/div>\n            <\/div>\n          <\/div>\n                <div class=\"pipsc-working-towards-dots\">\n          <button class=\"dot-arrow dot-arrow-prev\" aria-label=\"Pr\u00e9c\u00e9dent\"><span class=\"icon-arrow-left\"><\/span><\/button>\n                      <span class=\"dot active\" data-index=\"0\"><\/span>\n                      <span class=\"dot \" data-index=\"1\"><\/span>\n                      <span class=\"dot \" data-index=\"2\"><\/span>\n                      <span class=\"dot \" data-index=\"3\"><\/span>\n                    <button class=\"dot-arrow dot-arrow-next\" aria-label=\"Suivant\"><span class=\"icon-arrow-right\"><\/span><\/button>\n        <\/div>\n      <\/div>\n    <\/div>\n  <\/div>\n<\/div>\n\n\n\n\n<div class=\"hero-small-container  content-infobox-wrapper light-hero-section\">\n  \n      <div class=\"container\">\n                    <h1 class=\"text-3xl\">\n          Principaux enjeux\n        <\/h1>\n            <div class=\"hero-small-wrap\">\n                  <div class=\"short-desc-left text-lg\">\n            <p>D\u00e9couvrez les questions qui vous tiennent le plus \u00e0 c\u0153ur : l\u2019IPFPC d\u00e9fend les priorit\u00e9s fondamentales de ses membres et s\u2019attaque de front aux nouveaux d\u00e9fis.<\/p>\n\n          <\/div>\n        \n        \n              <\/div>\n    <\/div>\n  <\/div>\n\n\n<section class=\"info-summary-block-style-3\">\n    <div class=\"container\">\n        <div class=\"top-content\">\n                            <h3 class=\"text-2xl heading\">Questions fondamentales<\/h3>\n                                        <p class=\"text-lg\">Priorit\u00e9s actuelles qui fa\u00e7onnent l\u2019\u00e9quit\u00e9, l\u2019\u00e9galit\u00e9 et l\u2019avenir du travail.<\/p>\n                    <\/div>\n        <div class=\"bottom-content\">\n                            <div class=\"cards-grid\">\n                                        <div class=\"card-item\">\n                                                <h3 class=\"text-lg\"><strong>Intelligence artificielle<\/strong><\/h3>\n                        \n                                                <p class=\"text-sm\">Comprenez les opportunit\u00e9s et les risques de l\u2019intelligence artificielle, et comment nous pouvons orienter son d\u00e9veloppement pour qu\u2019il soit au service des personnes, et pas seulement des profits.\r\n<\/p>\n                        \n                                                <a href=\"https:\/\/pipsc.ca\/fr\/for-members\/defense-des-interets\/top-issues-campaigns\/intelligence-artificielle\/\" class=\"btn btn-lg btn-secondary\">\n                            D\u00e9couvrez comment l\u2019IPFPC passe \u00e0 l\u2019action\n                        <\/a>\n                                            <\/div>\n                                        <div class=\"card-item\">\n                                                <h3 class=\"text-lg\"><strong>D\u00e9fense de la science publique<\/strong><\/h3>\n                        \n                                                <p class=\"text-sm\">D\u00e9couvrez comment nous prot\u00e9geons la recherche publique de l\u2019ing\u00e9rence politique et commerciale afin que la science reste accessible, cr\u00e9dible et au service du bien public.\r\n<\/p>\n                        \n                                                <a href=\"https:\/\/pipsc.ca\/fr\/for-members\/defense-des-interets\/top-issues-campaigns\/defendre-la-science-publique\/\" class=\"btn btn-lg btn-secondary\">\n                            D\u00e9couvrez comment l\u2019IPFPC fait une diff\u00e9rence\n                        <\/a>\n                                            <\/div>\n                                        <div class=\"card-item\">\n                                                <h3 class=\"text-lg\"><strong>Sous-traitance<\/strong><\/h3>\n                        \n                                                <p class=\"text-sm\">Explorez les impacts de la sous-traitance sur les travailleur\u00b7ses, les communaut\u00e9s et l\u2019\u00e9conomie, et ce qui peut \u00eatre fait pour garantir des pratiques \u00e9quitables et durables.\r\n<\/p>\n                        \n                                                <a href=\"https:\/\/pipsc.ca\/fr\/for-members\/defense-des-interets\/top-issues-campaigns\/sous-traitance\/\" class=\"btn btn-lg btn-secondary\">\n                            D\u00e9couvrez comment l\u2019IPFPC passe \u00e0 l\u2019action\n                        <\/a>\n                                            <\/div>\n                                        <div class=\"card-item\">\n                                                <h3 class=\"text-lg\"><strong>\u00c9quit\u00e9 salariale<\/strong><\/h3>\n                        \n                                                <p class=\"text-sm\">D\u00e9couvrez notre travail pour combler les \u00e9carts salariaux et garantir un salaire \u00e9gal pour un travail \u00e9gal, sans distinction de sexe, de race ou d\u2019appartenance communautaire.<\/p>\n                        \n                                                <a href=\"https:\/\/pipsc.ca\/fr\/for-members\/defense-des-interets\/top-issues-campaigns\/equite-salariale\/\" class=\"btn btn-lg btn-secondary\">\n                            D\u00e9couvrez comment l\u2019IPFPC conduit le changement\n                        <\/a>\n                                            <\/div>\n                                        <div class=\"card-item\">\n                                                <h3 class=\"text-lg\"><strong>\u00c9quit\u00e9 fiscale<\/strong><\/h3>\n                        \n                                                <p class=\"text-sm\">D\u00e9couvrez comment nous plaidons en faveur d\u2019un syst\u00e8me fiscal transparent et \u00e9quitable, qui garantit que les entreprises et les riches paient leur juste part.\r\n<\/p>\n                        \n                                                <a href=\"https:\/\/pipsc.ca\/fr\/for-members\/defense-des-interets\/top-issues-campaigns\/promotion-de-lequite-fiscale\/\" class=\"btn btn-lg btn-secondary\">\n                            D\u00e9couvrez ce que l\u2019IPFPC fait pour vous\n                        <\/a>\n                                            <\/div>\n                                    <\/div>\n                    <\/div>\n    <\/div>   \n<\/section>\n\n\n\n<div class=\"wp-block-group\"><div class=\"wp-block-group__inner-container is-layout-constrained wp-block-group-is-layout-constrained\"><\/div><\/div>\n\n\n\n\n","protected":false},"excerpt":{"rendered":"","protected":false},"author":2,"featured_media":0,"parent":13461,"menu_order":0,"comment_status":"closed","ping_status":"closed","template":"","meta":{"_acf_changed":false,"footnotes":""},"class_list":["post-3834","page","type-page","status-publish","hentry"],"acf":[],"_links":{"self":[{"href":"https:\/\/pipsc.ca\/fr\/wp-json\/wp\/v2\/pages\/3834","targetHints":{"allow":["GET"]}}],"collection":[{"href":"https:\/\/pipsc.ca\/fr\/wp-json\/wp\/v2\/pages"}],"about":[{"href":"https:\/\/pipsc.ca\/fr\/wp-json\/wp\/v2\/types\/page"}],"author":[{"embeddable":true,"href":"https:\/\/pipsc.ca\/fr\/wp-json\/wp\/v2\/users\/2"}],"replies":[{"embeddable":true,"href":"https:\/\/pipsc.ca\/fr\/wp-json\/wp\/v2\/comments?post=3834"}],"version-history":[{"count":8,"href":"https:\/\/pipsc.ca\/fr\/wp-json\/wp\/v2\/pages\/3834\/revisions"}],"predecessor-version":[{"id":68585,"href":"https:\/\/pipsc.ca\/fr\/wp-json\/wp\/v2\/pages\/3834\/revisions\/68585"}],"up":[{"embeddable":true,"href":"https:\/\/pipsc.ca\/fr\/wp-json\/wp\/v2\/pages\/13461"}],"wp:attachment":[{"href":"https:\/\/pipsc.ca\/fr\/wp-json\/wp\/v2\/media?parent=3834"}],"curies":[{"name":"wp","href":"https:\/\/api.w.org\/{rel}","templated":true}]}}