{"id":13524,"date":"2025-10-07T14:47:08","date_gmt":"2025-10-07T14:47:08","guid":{"rendered":"https:\/\/pipsc.ca\/news-events\/"},"modified":"2026-03-18T20:06:21","modified_gmt":"2026-03-18T20:06:21","slug":"news-events","status":"publish","type":"page","link":"https:\/\/pipsc.ca\/fr\/news-events\/","title":{"rendered":"Nouvelles et \u00e9v\u00e9nements"},"content":{"rendered":"<div class=\"hero-small-container  content-infobox-wrapper dark-hero-section\">\n      <div class=\"container\">\n      <nav class=\"breadcrumb\">\n        <nav aria-label=\"breadcrumbs\" class=\"rank-math-breadcrumb\"><p><span class=\"last\">Accueil<\/span><\/p><\/nav>\n      <\/nav>\n    <\/div>\n  \n      <div class=\"container\">\n                    <h1 class=\"text-3xl\">\n          Nouvelles et \u00e9v\u00e9nements\n        <\/h1>\n            <div class=\"hero-small-wrap\">\n        \n        \n              <\/div>\n    <\/div>\n  <\/div>\n\n\n<section class=\"info-summary-block-style-3\">\n    <div class=\"container\">\n        <div class=\"top-content\">\n                                <\/div>\n        <div class=\"bottom-content\">\n                            <div class=\"cards-grid\">\n                                        <div class=\"card-item\">\n                                                <h3 class=\"text-lg\"><strong>\u00c9v\u00e9nements et activit\u00e9s<\/strong><\/h3>\n                        \n                        \n                                                <a href=\"https:\/\/pipsc.ca\/fr\/news-events\/evenements-et-activites\/\" class=\"btn btn-lg btn-secondary\">\n                            Afficher plus\n                        <\/a>\n                                            <\/div>\n                                        <div class=\"card-item\">\n                                                <h3 class=\"text-lg\"><strong>Centre des m\u00e9dias<\/strong><\/h3>\n                        \n                        \n                                                <a href=\"https:\/\/pipsc.ca\/fr\/news-events\/media-center\/\" class=\"btn btn-lg btn-secondary\">\n                            Afficher plus\n                        <\/a>\n                                            <\/div>\n                                        <div class=\"card-item\">\n                                                <h3 class=\"text-lg\"><strong>Nouvelles et annonces <\/strong><\/h3>\n                        \n                        \n                                                <a href=\"https:\/\/pipsc.ca\/fr\/news-events\/nouvelles-et-annonces\/\" class=\"btn btn-lg btn-secondary\">\n                            Afficher plus\n                        <\/a>\n                                            <\/div>\n                                        <div class=\"card-item\">\n                                                <h3 class=\"text-lg\"><strong>Bulletin Bien mieux ensemble<\/strong><\/h3>\n                        \n                        \n                                                <a href=\"https:\/\/pipsc.ca\/fr\/news-events\/newsletters\/\" class=\"btn btn-lg btn-secondary\">\n                            Afficher plus\n                        <\/a>\n                                            <\/div>\n                                    <\/div>\n                    <\/div>\n    <\/div>   \n<\/section>\n","protected":false},"excerpt":{"rendered":"","protected":false},"author":2,"featured_media":0,"parent":0,"menu_order":0,"comment_status":"closed","ping_status":"closed","template":"","meta":{"_acf_changed":false,"footnotes":""},"class_list":["post-13524","page","type-page","status-publish","hentry"],"acf":[],"_links":{"self":[{"href":"https:\/\/pipsc.ca\/fr\/wp-json\/wp\/v2\/pages\/13524","targetHints":{"allow":["GET"]}}],"collection":[{"href":"https:\/\/pipsc.ca\/fr\/wp-json\/wp\/v2\/pages"}],"about":[{"href":"https:\/\/pipsc.ca\/fr\/wp-json\/wp\/v2\/types\/page"}],"author":[{"embeddable":true,"href":"https:\/\/pipsc.ca\/fr\/wp-json\/wp\/v2\/users\/2"}],"replies":[{"embeddable":true,"href":"https:\/\/pipsc.ca\/fr\/wp-json\/wp\/v2\/comments?post=13524"}],"version-history":[{"count":4,"href":"https:\/\/pipsc.ca\/fr\/wp-json\/wp\/v2\/pages\/13524\/revisions"}],"predecessor-version":[{"id":68840,"href":"https:\/\/pipsc.ca\/fr\/wp-json\/wp\/v2\/pages\/13524\/revisions\/68840"}],"wp:attachment":[{"href":"https:\/\/pipsc.ca\/fr\/wp-json\/wp\/v2\/media?parent=13524"}],"curies":[{"name":"wp","href":"https:\/\/api.w.org\/{rel}","templated":true}]}}