{"id":13523,"date":"2025-10-07T17:04:10","date_gmt":"2025-10-07T17:04:10","guid":{"rendered":"https:\/\/pipsc.ca\/?page_id=13523"},"modified":"2026-03-31T18:38:09","modified_gmt":"2026-03-31T18:38:09","slug":"calendrier","status":"publish","type":"page","link":"https:\/\/pipsc.ca\/fr\/news-events\/calendrier\/","title":{"rendered":"Calendrier 2026-2027"},"content":{"rendered":"<div class=\"hero-small-container  content-infobox-wrapper dark-hero-section\">\n      <div class=\"container\">\n      <nav class=\"breadcrumb\">\n        <nav aria-label=\"breadcrumbs\" class=\"rank-math-breadcrumb\"><p><span class=\"last\">Accueil<\/span><\/p><\/nav>\n      <\/nav>\n    <\/div>\n  \n      <div class=\"container\">\n                    <h1 class=\"text-3xl\">\n          Calendrier 2026-2027\n        <\/h1>\n            <div class=\"hero-small-wrap\">\n        \n        \n              <\/div>\n    <\/div>\n  <\/div>\n\n\n<div class=\"container\">\n<p>Les calendriers num\u00e9riques 2026 et 2027 sont maintenant disponibles et peuvent \u00eatre t\u00e9l\u00e9charg\u00e9s.<\/p>\n<\/div>\n\n<div class=\"container\">\n<p>Pour commander un grand nombre de calendriers imprim\u00e9s, envoyez un courriel \u00e0&nbsp;<a href=\"mailto:mailroom@pipsc.ca\">mailroom@pipsc.ca<\/a>&nbsp;en indiquant votre nom, votre adresse postale et le nombre d\u2019exemplaires dont vous avez besoin.<\/p>\n<\/div>\n\n<div class=\"container\">\n<p>Veuillez noter que le&nbsp;<strong><u>minimum requis pour les commandes en gros est de 50 calendriers<\/u><\/strong>.<br><br>Merci.<\/p>\n<\/div>\n\n<div class=\"container\">\n<p><a href=\"https:\/\/aws-pipsc-prod-pipscmain-static.s3.ca-central-1.amazonaws.com\/app\/uploads\/pipsc-ipfpc-2026-2027-calendar-calendrier.pdf\" target=\"_blank\" rel=\"noopener\">T\u00e9l\u00e9charger votre copie<\/a><\/p>\n<\/div>","protected":false},"excerpt":{"rendered":"<p>Les calendriers num\u00e9riques 2026 et 2027 sont maintenant disponibles et peuvent \u00eatre t\u00e9l\u00e9charg\u00e9s. Pour commander un grand nombre de calendriers imprim\u00e9s, envoyez un courriel \u00e0&nbsp;mailroom@pipsc.ca&nbsp;en indiquant votre nom, votre adresse postale et le nombre d\u2019exemplaires dont vous avez besoin. Veuillez noter que le&nbsp;minimum requis pour les commandes en gros est de 50 calendriers. Merci. T\u00e9l\u00e9charger &hellip;<\/p>\n","protected":false},"author":2,"featured_media":0,"parent":13524,"menu_order":0,"comment_status":"closed","ping_status":"closed","template":"","meta":{"_acf_changed":false,"footnotes":""},"class_list":["post-13523","page","type-page","status-publish","hentry"],"acf":[],"_links":{"self":[{"href":"https:\/\/pipsc.ca\/fr\/wp-json\/wp\/v2\/pages\/13523","targetHints":{"allow":["GET"]}}],"collection":[{"href":"https:\/\/pipsc.ca\/fr\/wp-json\/wp\/v2\/pages"}],"about":[{"href":"https:\/\/pipsc.ca\/fr\/wp-json\/wp\/v2\/types\/page"}],"author":[{"embeddable":true,"href":"https:\/\/pipsc.ca\/fr\/wp-json\/wp\/v2\/users\/2"}],"replies":[{"embeddable":true,"href":"https:\/\/pipsc.ca\/fr\/wp-json\/wp\/v2\/comments?post=13523"}],"version-history":[{"count":3,"href":"https:\/\/pipsc.ca\/fr\/wp-json\/wp\/v2\/pages\/13523\/revisions"}],"predecessor-version":[{"id":71146,"href":"https:\/\/pipsc.ca\/fr\/wp-json\/wp\/v2\/pages\/13523\/revisions\/71146"}],"up":[{"embeddable":true,"href":"https:\/\/pipsc.ca\/fr\/wp-json\/wp\/v2\/pages\/13524"}],"wp:attachment":[{"href":"https:\/\/pipsc.ca\/fr\/wp-json\/wp\/v2\/media?parent=13523"}],"curies":[{"name":"wp","href":"https:\/\/api.w.org\/{rel}","templated":true}]}}