{"id":13522,"date":"2025-10-07T18:44:12","date_gmt":"2025-10-07T18:44:12","guid":{"rendered":"https:\/\/pipsc.ca\/for-members\/adhesion\/retired-membership\/"},"modified":"2026-03-30T17:38:26","modified_gmt":"2026-03-30T17:38:26","slug":"retired-membership","status":"publish","type":"page","link":"https:\/\/pipsc.ca\/fr\/for-members\/adhesion\/retired-membership\/","title":{"rendered":"Comment payer vos cotisations de membre retrait\u00e9\u00b7e"},"content":{"rendered":"<div class=\"hero-small-container  content-infobox-wrapper dark-hero-section\">\n      <div class=\"container\">\n      <nav class=\"breadcrumb\">\n        <nav aria-label=\"breadcrumbs\" class=\"rank-math-breadcrumb\"><p><span class=\"last\">Accueil<\/span><\/p><\/nav>\n      <\/nav>\n    <\/div>\n  \n      <div class=\"container\">\n                    <h1 class=\"text-3xl\">\n          Comment payer vos cotisations de membre retrait\u00e9\u00b7e \n        <\/h1>\n            <div class=\"hero-small-wrap\">\n        \n        \n              <\/div>\n    <\/div>\n  <\/div>\n\n\n<div class=\"container\">\n<p>Vous aurez besoin du num\u00e9ro de votre facture et de votre num\u00e9ro de membre. Les deux figurent sur la facture qui vous a \u00e9t\u00e9 envoy\u00e9e par courriel ou par la poste.<\/p>\n<\/div>\n\n<div class=\"container\">\n<h2 class=\"wp-block-heading\">En ligne<\/h2>\n<\/div>\n\n<div class=\"container\">\n<p>Utilisez notre compte s\u00e9curit\u00e9 Paypal ou votre carte de cr\u00e9dit.<\/p>\n<\/div>\n\n<div class=\"container\">\n<form action=\"https:\/\/www.paypal.com\/cgi-bin\/webscr\" method=\"post\" target=\"_top\">\n<input type=\"hidden\" name=\"cmd\" value=\"_s-xclick\" \/><input type=\"hidden\" name=\"hosted_button_id\" value=\"JM3V9WWJUUH32\" \/><div>\n<label for=\"member-number\">Num\u00e9ro de membre<\/label><br \/><input type=\"text\" name=\"os0\" id=\"member-number\" maxlength=\"200\" \/><\/div>\n<br \/><div>\n<label for=\"invoice-number\">Num\u00e9ro de facture<\/label>\n<input type=\"hidden\" name=\"on1\" value=\"Invoice Number\" \/><\/div>\n<div>\n<input type=\"text\" name=\"os1\" id=\"invoice-number\" maxlength=\"200\" \/><\/div>\n<br \/><input type=\"image\" src=\"https:\/\/www.paypalobjects.com\/en_US\/i\/btn\/btn_paynowCC_LG.gif\" border=\"0\" name=\"submit\" alt=\"PayPal - The safer, easier way to pay online!\" \/><img loading=\"lazy\" decoding=\"async\" alt=\"\" border=\"0\" src=\"https:\/\/www.paypalobjects.com\/en_US\/i\/scr\/pixel.gif\" width=\"1\" height=\"1\" \/><\/form>\n<\/div>\n\n<div class=\"container\">\n<h2 class=\"wp-block-heading\">Par ch\u00e8que<\/h2>\n<\/div>\n\n<div class=\"container\">\n<p>Les ch\u00e8ques doivent \u00eatre libell\u00e9s au nom de l\u2019Institut professionnel de la fonction publique du Canada et renvoy\u00e9s par la poste avec la portion inf\u00e9rieure de votre facture aux coordonn\u00e9es suivantes :<\/p>\n<\/div>\n\n<div class=\"container\">\n<p>Services aux membres et administration<br>L\u2019Institut professionnel de la fonction publique du Canada<br>250, chemin Tremblay<br>Ottawa (Ontario) K1G 3J8<\/p>\n<\/div>","protected":false},"excerpt":{"rendered":"<p>Vous aurez besoin du num\u00e9ro de votre facture et de votre num\u00e9ro de membre. Les deux figurent sur la facture qui vous a \u00e9t\u00e9 envoy\u00e9e par courriel ou par la poste. En ligne Utilisez notre compte s\u00e9curit\u00e9 Paypal ou votre carte de cr\u00e9dit. Num\u00e9ro de membre Num\u00e9ro de facture Par ch\u00e8que Les ch\u00e8ques doivent \u00eatre &hellip;<\/p>\n","protected":false},"author":2,"featured_media":0,"parent":11195,"menu_order":0,"comment_status":"closed","ping_status":"closed","template":"","meta":{"_acf_changed":false,"footnotes":""},"class_list":["post-13522","page","type-page","status-publish","hentry"],"acf":[],"_links":{"self":[{"href":"https:\/\/pipsc.ca\/fr\/wp-json\/wp\/v2\/pages\/13522","targetHints":{"allow":["GET"]}}],"collection":[{"href":"https:\/\/pipsc.ca\/fr\/wp-json\/wp\/v2\/pages"}],"about":[{"href":"https:\/\/pipsc.ca\/fr\/wp-json\/wp\/v2\/types\/page"}],"author":[{"embeddable":true,"href":"https:\/\/pipsc.ca\/fr\/wp-json\/wp\/v2\/users\/2"}],"replies":[{"embeddable":true,"href":"https:\/\/pipsc.ca\/fr\/wp-json\/wp\/v2\/comments?post=13522"}],"version-history":[{"count":3,"href":"https:\/\/pipsc.ca\/fr\/wp-json\/wp\/v2\/pages\/13522\/revisions"}],"predecessor-version":[{"id":70750,"href":"https:\/\/pipsc.ca\/fr\/wp-json\/wp\/v2\/pages\/13522\/revisions\/70750"}],"up":[{"embeddable":true,"href":"https:\/\/pipsc.ca\/fr\/wp-json\/wp\/v2\/pages\/11195"}],"wp:attachment":[{"href":"https:\/\/pipsc.ca\/fr\/wp-json\/wp\/v2\/media?parent=13522"}],"curies":[{"name":"wp","href":"https:\/\/api.w.org\/{rel}","templated":true}]}}