{"id":13461,"date":"2025-10-07T14:47:20","date_gmt":"2025-10-07T14:47:20","guid":{"rendered":"https:\/\/pipsc.ca\/for-members\/"},"modified":"2026-03-12T23:48:28","modified_gmt":"2026-03-12T23:48:28","slug":"for-members","status":"publish","type":"page","link":"https:\/\/pipsc.ca\/fr\/for-members\/","title":{"rendered":"Pour les membres"},"content":{"rendered":"<div class=\"hero-small-container  content-infobox-wrapper dark-hero-section\">\n      <div class=\"container\">\n      <nav class=\"breadcrumb\">\n        <nav aria-label=\"breadcrumbs\" class=\"rank-math-breadcrumb\"><p><span class=\"last\">Accueil<\/span><\/p><\/nav>\n      <\/nav>\n    <\/div>\n  \n      <div class=\"container\">\n                    <h1 class=\"text-3xl\">\n          Pour les membres\n        <\/h1>\n            <div class=\"hero-small-wrap\">\n        \n        \n              <\/div>\n    <\/div>\n  <\/div>\n\n\n<section class=\"info-summary-block-style-3\">\n    <div class=\"container\">\n        <div class=\"top-content\">\n                                <\/div>\n        <div class=\"bottom-content\">\n                            <div class=\"cards-grid\">\n                                        <div class=\"card-item\">\n                                                <h3 class=\"text-lg\"><strong>D\u00e9fense des int\u00e9r\u00eats<\/strong><\/h3>\n                        \n                        \n                                                <a href=\"https:\/\/pipsc.ca\/fr\/for-members\/defense-des-interets\/\" class=\"btn btn-lg btn-secondary\">\n                            Afficher plus\n                        <\/a>\n                                            <\/div>\n                                        <div class=\"card-item\">\n                                                <h3 class=\"text-lg\"><strong>Avantages et services<\/strong><\/h3>\n                        \n                        \n                                                <a href=\"https:\/\/pipsc.ca\/fr\/for-members\/benefits-services\/\" class=\"btn btn-lg btn-secondary\">\n                            Afficher plus\n                        <\/a>\n                                            <\/div>\n                                        <div class=\"card-item\">\n                                                <h3 class=\"text-lg\"><strong>Formation et perfectionnement<\/strong><\/h3>\n                        \n                        \n                                                <a href=\"https:\/\/pipsc.ca\/fr\/for-members\/formation-et-perfectionnement\/\" class=\"btn btn-lg btn-secondary\">\n                            Afficher plus\n                        <\/a>\n                                            <\/div>\n                                        <div class=\"card-item\">\n                                                <h3 class=\"text-lg\"><strong>Adh\u00e9sion<\/strong><\/h3>\n                        \n                        \n                                                <a href=\"https:\/\/pipsc.ca\/fr\/for-members\/adhesion\/\" class=\"btn btn-lg btn-secondary\">\n                            Afficher plus\n                        <\/a>\n                                            <\/div>\n                                        <div class=\"card-item\">\n                                                <h3 class=\"text-lg\"><strong>Soutien<\/strong><\/h3>\n                        \n                        \n                                                <a href=\"https:\/\/pipsc.ca\/fr\/for-members\/soutien\/\" class=\"btn btn-lg btn-secondary\">\n                            Afficher plus\n                        <\/a>\n                                            <\/div>\n                                    <\/div>\n                    <\/div>\n    <\/div>   \n<\/section>\n","protected":false},"excerpt":{"rendered":"","protected":false},"author":2,"featured_media":0,"parent":0,"menu_order":0,"comment_status":"closed","ping_status":"closed","template":"","meta":{"_acf_changed":false,"footnotes":""},"class_list":["post-13461","page","type-page","status-publish","hentry"],"acf":[],"_links":{"self":[{"href":"https:\/\/pipsc.ca\/fr\/wp-json\/wp\/v2\/pages\/13461","targetHints":{"allow":["GET"]}}],"collection":[{"href":"https:\/\/pipsc.ca\/fr\/wp-json\/wp\/v2\/pages"}],"about":[{"href":"https:\/\/pipsc.ca\/fr\/wp-json\/wp\/v2\/types\/page"}],"author":[{"embeddable":true,"href":"https:\/\/pipsc.ca\/fr\/wp-json\/wp\/v2\/users\/2"}],"replies":[{"embeddable":true,"href":"https:\/\/pipsc.ca\/fr\/wp-json\/wp\/v2\/comments?post=13461"}],"version-history":[{"count":4,"href":"https:\/\/pipsc.ca\/fr\/wp-json\/wp\/v2\/pages\/13461\/revisions"}],"predecessor-version":[{"id":67008,"href":"https:\/\/pipsc.ca\/fr\/wp-json\/wp\/v2\/pages\/13461\/revisions\/67008"}],"wp:attachment":[{"href":"https:\/\/pipsc.ca\/fr\/wp-json\/wp\/v2\/media?parent=13461"}],"curies":[{"name":"wp","href":"https:\/\/api.w.org\/{rel}","templated":true}]}}